{"id":26121,"date":"2019-04-01T07:48:24","date_gmt":"2019-04-01T07:48:24","guid":{"rendered":"https:\/\/profil.avokado.ninja\/?page_id=26121"},"modified":"2020-07-20T10:58:35","modified_gmt":"2020-07-20T10:58:35","slug":"die-beschaftigung-in-der-eu","status":"publish","type":"page","link":"https:\/\/profil-group.rs\/at\/die-beschaftigung-in-der-eu\/","title":{"rendered":"Die besch\u00e4ftigung in der eu"},"content":{"rendered":"<p>[vc_row full_width=&#8221;stretch_row_content_no_spaces&#8221; css=&#8221;.vc_custom_1551090924624{margin-bottom: 0px !important;padding-top: 70px !important;}&#8221;][vc_column width=&#8221;1\/2&#8243; offset=&#8221;vc_col-lg-6 vc_col-md-6 vc_col-xs-12&#8243; el_class=&#8221;zaposljavanje-kol&#8221;][vc_single_image image=&#8221;26708&#8243; img_size=&#8221;full&#8221; css=&#8221;.vc_custom_1551878236122{margin-bottom: 0px !important;padding-bottom: 0px !important;}&#8221;][\/vc_column][vc_column width=&#8221;1\/2&#8243; offset=&#8221;vc_col-lg-6 vc_col-md-6 vc_col-xs-12&#8243; css=&#8221;.vc_custom_1551175122301{padding-right: 100px !important;padding-left: 100px !important;}&#8221; el_class=&#8221;zaposljavanje-kol&#8221;][vc_single_image image=&#8221;26565&#8243; img_size=&#8221;150X120&#8243; el_class=&#8221;slika-profil&#8221;]<div class=\"clearboth\"><\/div><div class=\"gem-divider \" style=\"margin-top: -20px;\"><\/div>[vc_column_text]<\/p>\n<h1><span style=\"color: #c18f59; font-size: 30px;\">Besch\u00e4ftigung in der EU<\/span><\/h1>\n<p>[\/vc_column_text]<div class=\"clearboth\"><\/div><div class=\"gem-divider \" style=\"margin-top: -20px;\"><\/div>[vc_column_text]<\/p>\n<div class=\"wpb_text_column wpb_content_element \">\n<div class=\"wpb_wrapper\">\n<div class=\"wpb_text_column wpb_content_element \">\n<div class=\"wpb_wrapper\">\n<h5 style=\"font-size: 15px; line-height: 20px;\"><span class=\"light\">\u00a0<\/span><\/h5>\n<\/div>\n<\/div>\n<div class=\"wpb_text_column wpb_content_element \">\n<div class=\"wpb_wrapper\">\n<p>Telefon: <a href=\"tel:+381694300728\">(00 381) 11 26 38 705<\/a><br \/>\nE-mail: <a href=\"mailto:milica.nestorovic@profil-group.rs\"><u>profilbeograd@profil-group.rs<\/u><\/a><\/p>\n<p>&nbsp;<\/p>\n<\/div>\n<\/div>\n<\/div>\n<\/div>\n<div class=\"wpb_text_column wpb_content_element \">\n<div class=\"wpb_wrapper\"><\/div>\n<\/div>\n<p>[\/vc_column_text][\/vc_column][\/vc_row][vc_row full_width=&#8221;stretch_row&#8221; css=&#8221;.vc_custom_1551277156209{margin-bottom: 0px !important;padding-top: 50px !important;padding-bottom: 50px !important;background-color: #212331 !important;}&#8221; el_class=&#8221;padd-testiranje&#8221;][vc_column][vc_column_text css=&#8221;.vc_custom_1553867631484{padding-bottom: 30px !important;}&#8221;]<\/p>\n<p style=\"text-align: center;\"><span style=\"color: #ffffff;\">Eine der Dienstleistungen, die unser Unternehmen anbietet, ist die Einstellung von Profilen, die sich mit der Produktion,<br \/>\ndem Verkauf, der Reparatur, der Wartung und anderen k\u00f6rperlichen T\u00e4tigkeiten besch\u00e4ftigen.<br \/>\nSogar auch im Digitalisierungs- und Computertechnologieverbreiterungsalter ist die Nachfrage nach diesen Profilen auch weiterhin auf hohem Niveau.<br \/>\nDarauf weist die Information hin, dass immer mehr ausl\u00e4ndische Unternehmen Arbeiter aus dem Gebiet von Serbien, Montenegro und Bosnien und Herzegowina suchen.<br \/>\n<\/span><\/p>\n<p>[\/vc_column_text][\/vc_column][\/vc_row][vc_row css=&#8221;.vc_custom_1551101876281{margin-bottom: 0px !important;padding-top: 20px !important;padding-bottom: 0px !important;}&#8221;][vc_column el_class=&#8221;profil-slika-21&#8243;][vc_column_text]<\/p>\n<h2 style=\"font-size: 15px; line-height: 25px;\">DIE REKRUTIERUNGSPROZESSSCHRITTE<\/h2>\n<p>[\/vc_column_text]<div class=\"clearboth\"><\/div><div class=\"gem-divider \" style=\"margin-top: 20px;\"><\/div><div class=\"gem-list\"><ul>\n<li>Definition der T\u00e4tigkeitsbeschreibung und der Arbeiterprofile mit dem Arbeitgeber<\/li>\n<li>Erforschung des regionalen Marktes und Herausfinden von Kandidaten mithilfe unserer Datenbank, auf direktem Weg oder mittels Anzeigen<\/li>\n<li>Interviews und Pr\u00fcfungen von Kandidaten<\/li>\n<li>Vorstellung der besten Kandidaten an den Arbeitgeber<\/li>\n<li>Gemeinsam mit den ausgew\u00e4hlten Kandidaten nehmen wir am Prozess des Erhaltens einer Arbeitsgenehmigung, die f\u00fcr die Arbeit in der EU notwendig ist<\/li>\n<\/ul>\n<\/div>[vc_column_text]Gleich wichtig ist auch, dass wir nach dem Abschluss des Prozesses die Zufriedenheit von Unternehmen, mit denen wir zusammenarbeiten, sowie der Kandidaten selbst verfolgen.[\/vc_column_text][vc_empty_space height=&#8221;35px&#8221; el_class=&#8221;profil-5&#8243;][\/vc_column][\/vc_row][vc_row full_width=&#8221;stretch_row&#8221; equal_height=&#8221;yes&#8221; content_placement=&#8221;middle&#8221; css=&#8221;.vc_custom_1549626076170{margin-bottom: 0px !important;padding-top: 150px !important;padding-bottom: 150px !important;background-color: #1a1c28 !important;background-position: 0 0 !important;background-repeat: no-repeat !important;}&#8221; el_class=&#8221;law-paralaxbg&#8221;][vc_column css=&#8221;.vc_custom_1471006434388{margin-top: 0px !important;padding-top: 0px !important;}&#8221;][vc_column_text]<iframe loading=\"lazy\" src=\"https:\/\/www.youtube-nocookie.com\/embed\/jlCEKb5_UEg\" width=\"100%\" height=\"500\" frameborder=\"0\" allowfullscreen=\"allowfullscreen\"><span data-mce-type=\"bookmark\" style=\"display: inline-block; width: 0px; overflow: hidden; line-height: 0;\" class=\"mce_SELRES_start\">\ufeff<\/span><\/iframe>[\/vc_column_text][\/vc_column][\/vc_row]<\/p>\n","protected":false},"excerpt":{"rendered":"<p>[vc_row full_width=&#8221;stretch_row_content_no_spaces&#8221; css=&#8221;.vc_custom_1551090924624{margin-bottom: 0px !important;padding-top: 70px !important;}&#8221;][vc_column width=&#8221;1\/2&#8243; offset=&#8221;vc_col-lg-6 vc_col-md-6 vc_col-xs-12&#8243; el_class=&#8221;zaposljavanje-kol&#8221;][vc_single_image image=&#8221;26708&#8243; img_size=&#8221;full&#8221; css=&#8221;.vc_custom_1551878236122{margin-bottom: 0px !important;padding-bottom: 0px !important;}&#8221;][\/vc_column][vc_column width=&#8221;1\/2&#8243; offset=&#8221;vc_col-lg-6 vc_col-md-6 vc_col-xs-12&#8243; css=&#8221;.vc_custom_1551175122301{padding-right: 100px !important;padding-left: 100px !important;}&#8221; el_class=&#8221;zaposljavanje-kol&#8221;][vc_single_image image=&#8221;26565&#8243; img_size=&#8221;150X120&#8243; el_class=&#8221;slika-profil&#8221;][vc_column_text] Besch\u00e4ftigung in der EU [\/vc_column_text][vc_column_text] \u00a0 Telefon: (00 381) 11 26 38 705 E-mail: profilbeograd@profil-group.rs &nbsp; [\/vc_column_text][\/vc_column][\/vc_row][vc_row full_width=&#8221;stretch_row&#8221; css=&#8221;.vc_custom_1551277156209{margin-bottom: 0px !important;padding-top: 50px !important;padding-bottom: 50px !important;background-color: #212331 !important;}&#8221; el_class=&#8221;padd-testiranje&#8221;][vc_column][vc_column_text css=&#8221;.vc_custom_1553867631484{padding-bottom: 30px !important;}&#8221;] Eine der Dienstleistungen, die unser Unternehmen anbietet, ist die Einstellung von Profilen, die sich mit der Produktion, dem Verkauf, der Reparatur, der Wartung und anderen k\u00f6rperlichen T\u00e4tigkeiten besch\u00e4ftigen. Sogar auch im Digitalisierungs- und Computertechnologieverbreiterungsalter ist die Nachfrage nach diesen Profilen auch weiterhin auf hohem Niveau. Darauf weist die Information hin, dass immer mehr ausl\u00e4ndische Unternehmen Arbeiter aus dem Gebiet von Serbien, Montenegro und Bosnien und Herzegowina suchen. [\/vc_column_text][\/vc_column][\/vc_row][vc_row css=&#8221;.vc_custom_1551101876281{margin-bottom: 0px !important;padding-top: 20px !important;padding-bottom: 0px !important;}&#8221;][vc_column el_class=&#8221;profil-slika-21&#8243;][vc_column_text] DIE REKRUTIERUNGSPROZESSSCHRITTE [\/vc_column_text][vc_column_text]Gleich wichtig ist auch, dass wir nach dem Abschluss&#8230;<\/p>\n","protected":false},"author":1,"featured_media":0,"parent":0,"menu_order":0,"comment_status":"closed","ping_status":"closed","template":"","meta":{"footnotes":""},"class_list":["post-26121","page","type-page","status-publish"],"yoast_head":"<!-- This site is optimized with the Yoast SEO plugin v27.3 - https:\/\/yoast.com\/product\/yoast-seo-wordpress\/ -->\n<title>Die besch\u00e4ftigung in der eu - Profil<\/title>\n<meta name=\"robots\" content=\"index, follow, max-snippet:-1, max-image-preview:large, max-video-preview:-1\" \/>\n<link rel=\"canonical\" href=\"https:\/\/profil-group.rs\/at\/die-beschaftigung-in-der-eu\/\" \/>\n<meta property=\"og:locale\" content=\"de_DE\" \/>\n<meta property=\"og:type\" content=\"article\" \/>\n<meta property=\"og:title\" content=\"Die besch\u00e4ftigung in der eu - Profil\" \/>\n<meta property=\"og:description\" content=\"[vc_row full_width=&#8221;stretch_row_content_no_spaces&#8221; css=&#8221;.vc_custom_1551090924624{margin-bottom: 0px !important;padding-top: 70px !important;}&#8221;][vc_column width=&#8221;1\/2&#8243; offset=&#8221;vc_col-lg-6 vc_col-md-6 vc_col-xs-12&#8243; el_class=&#8221;zaposljavanje-kol&#8221;][vc_single_image image=&#8221;26708&#8243; img_size=&#8221;full&#8221; css=&#8221;.vc_custom_1551878236122{margin-bottom: 0px !important;padding-bottom: 0px !important;}&#8221;][\/vc_column][vc_column width=&#8221;1\/2&#8243; offset=&#8221;vc_col-lg-6 vc_col-md-6 vc_col-xs-12&#8243; css=&#8221;.vc_custom_1551175122301{padding-right: 100px !important;padding-left: 100px !important;}&#8221; el_class=&#8221;zaposljavanje-kol&#8221;][vc_single_image image=&#8221;26565&#8243; img_size=&#8221;150X120&#8243; el_class=&#8221;slika-profil&#8221;][vc_column_text] Besch\u00e4ftigung in der EU [\/vc_column_text][vc_column_text] \u00a0 Telefon: (00 381) 11 26 38 705 E-mail: profilbeograd@profil-group.rs &nbsp; [\/vc_column_text][\/vc_column][\/vc_row][vc_row full_width=&#8221;stretch_row&#8221; css=&#8221;.vc_custom_1551277156209{margin-bottom: 0px !important;padding-top: 50px !important;padding-bottom: 50px !important;background-color: #212331 !important;}&#8221; el_class=&#8221;padd-testiranje&#8221;][vc_column][vc_column_text css=&#8221;.vc_custom_1553867631484{padding-bottom: 30px !important;}&#8221;] Eine der Dienstleistungen, die unser Unternehmen anbietet, ist die Einstellung von Profilen, die sich mit der Produktion, dem Verkauf, der Reparatur, der Wartung und anderen k\u00f6rperlichen T\u00e4tigkeiten besch\u00e4ftigen. Sogar auch im Digitalisierungs- und Computertechnologieverbreiterungsalter ist die Nachfrage nach diesen Profilen auch weiterhin auf hohem Niveau. Darauf weist die Information hin, dass immer mehr ausl\u00e4ndische Unternehmen Arbeiter aus dem Gebiet von Serbien, Montenegro und Bosnien und Herzegowina suchen. [\/vc_column_text][\/vc_column][\/vc_row][vc_row css=&#8221;.vc_custom_1551101876281{margin-bottom: 0px !important;padding-top: 20px !important;padding-bottom: 0px !important;}&#8221;][vc_column el_class=&#8221;profil-slika-21&#8243;][vc_column_text] DIE REKRUTIERUNGSPROZESSSCHRITTE [\/vc_column_text][vc_column_text]Gleich wichtig ist auch, dass wir nach dem Abschluss...\" \/>\n<meta property=\"og:url\" content=\"https:\/\/profil-group.rs\/at\/die-beschaftigung-in-der-eu\/\" \/>\n<meta property=\"og:site_name\" content=\"Profil\" \/>\n<meta property=\"article:modified_time\" content=\"2020-07-20T10:58:35+00:00\" \/>\n<meta name=\"twitter:card\" content=\"summary_large_image\" \/>\n<meta name=\"twitter:label1\" content=\"Est. reading time\" \/>\n\t<meta name=\"twitter:data1\" content=\"2 minutes\" \/>\n<script type=\"application\/ld+json\" class=\"yoast-schema-graph\">{\"@context\":\"https:\\\/\\\/schema.org\",\"@graph\":[{\"@type\":\"WebPage\",\"@id\":\"https:\\\/\\\/profil-group.rs\\\/at\\\/die-beschaftigung-in-der-eu\\\/\",\"url\":\"https:\\\/\\\/profil-group.rs\\\/at\\\/die-beschaftigung-in-der-eu\\\/\",\"name\":\"Die besch\u00e4ftigung in der eu - Profil\",\"isPartOf\":{\"@id\":\"https:\\\/\\\/profil-group.rs\\\/#website\"},\"datePublished\":\"2019-04-01T07:48:24+00:00\",\"dateModified\":\"2020-07-20T10:58:35+00:00\",\"breadcrumb\":{\"@id\":\"https:\\\/\\\/profil-group.rs\\\/at\\\/die-beschaftigung-in-der-eu\\\/#breadcrumb\"},\"inLanguage\":\"de-AT\",\"potentialAction\":[{\"@type\":\"ReadAction\",\"target\":[\"https:\\\/\\\/profil-group.rs\\\/at\\\/die-beschaftigung-in-der-eu\\\/\"]}]},{\"@type\":\"BreadcrumbList\",\"@id\":\"https:\\\/\\\/profil-group.rs\\\/at\\\/die-beschaftigung-in-der-eu\\\/#breadcrumb\",\"itemListElement\":[{\"@type\":\"ListItem\",\"position\":1,\"name\":\"Home\",\"item\":\"https:\\\/\\\/profil-group.rs\\\/at\\\/\"},{\"@type\":\"ListItem\",\"position\":2,\"name\":\"Die besch\u00e4ftigung in der eu\"}]},{\"@type\":\"WebSite\",\"@id\":\"https:\\\/\\\/profil-group.rs\\\/#website\",\"url\":\"https:\\\/\\\/profil-group.rs\\\/\",\"name\":\"Profil\",\"description\":\"\",\"publisher\":{\"@id\":\"https:\\\/\\\/profil-group.rs\\\/#organization\"},\"potentialAction\":[{\"@type\":\"SearchAction\",\"target\":{\"@type\":\"EntryPoint\",\"urlTemplate\":\"https:\\\/\\\/profil-group.rs\\\/?s={search_term_string}\"},\"query-input\":{\"@type\":\"PropertyValueSpecification\",\"valueRequired\":true,\"valueName\":\"search_term_string\"}}],\"inLanguage\":\"de-AT\"},{\"@type\":\"Organization\",\"@id\":\"https:\\\/\\\/profil-group.rs\\\/#organization\",\"name\":\"Profil Group\",\"url\":\"https:\\\/\\\/profil-group.rs\\\/\",\"logo\":{\"@type\":\"ImageObject\",\"inLanguage\":\"de-AT\",\"@id\":\"https:\\\/\\\/profil-group.rs\\\/#\\\/schema\\\/logo\\\/image\\\/\",\"url\":\"https:\\\/\\\/profil-group.rs\\\/wp-content\\\/uploads\\\/2019\\\/01\\\/Profil-logo-1.jpg\",\"contentUrl\":\"https:\\\/\\\/profil-group.rs\\\/wp-content\\\/uploads\\\/2019\\\/01\\\/Profil-logo-1.jpg\",\"width\":600,\"height\":410,\"caption\":\"Profil Group\"},\"image\":{\"@id\":\"https:\\\/\\\/profil-group.rs\\\/#\\\/schema\\\/logo\\\/image\\\/\"}}]}<\/script>\n<!-- \/ Yoast SEO plugin. -->","yoast_head_json":{"title":"Die besch\u00e4ftigung in der eu - Profil","robots":{"index":"index","follow":"follow","max-snippet":"max-snippet:-1","max-image-preview":"max-image-preview:large","max-video-preview":"max-video-preview:-1"},"canonical":"https:\/\/profil-group.rs\/at\/die-beschaftigung-in-der-eu\/","og_locale":"de_DE","og_type":"article","og_title":"Die besch\u00e4ftigung in der eu - Profil","og_description":"[vc_row full_width=&#8221;stretch_row_content_no_spaces&#8221; css=&#8221;.vc_custom_1551090924624{margin-bottom: 0px !important;padding-top: 70px !important;}&#8221;][vc_column width=&#8221;1\/2&#8243; offset=&#8221;vc_col-lg-6 vc_col-md-6 vc_col-xs-12&#8243; el_class=&#8221;zaposljavanje-kol&#8221;][vc_single_image image=&#8221;26708&#8243; img_size=&#8221;full&#8221; css=&#8221;.vc_custom_1551878236122{margin-bottom: 0px !important;padding-bottom: 0px !important;}&#8221;][\/vc_column][vc_column width=&#8221;1\/2&#8243; offset=&#8221;vc_col-lg-6 vc_col-md-6 vc_col-xs-12&#8243; css=&#8221;.vc_custom_1551175122301{padding-right: 100px !important;padding-left: 100px !important;}&#8221; el_class=&#8221;zaposljavanje-kol&#8221;][vc_single_image image=&#8221;26565&#8243; img_size=&#8221;150X120&#8243; el_class=&#8221;slika-profil&#8221;][vc_column_text] Besch\u00e4ftigung in der EU [\/vc_column_text][vc_column_text] \u00a0 Telefon: (00 381) 11 26 38 705 E-mail: profilbeograd@profil-group.rs &nbsp; [\/vc_column_text][\/vc_column][\/vc_row][vc_row full_width=&#8221;stretch_row&#8221; css=&#8221;.vc_custom_1551277156209{margin-bottom: 0px !important;padding-top: 50px !important;padding-bottom: 50px !important;background-color: #212331 !important;}&#8221; el_class=&#8221;padd-testiranje&#8221;][vc_column][vc_column_text css=&#8221;.vc_custom_1553867631484{padding-bottom: 30px !important;}&#8221;] Eine der Dienstleistungen, die unser Unternehmen anbietet, ist die Einstellung von Profilen, die sich mit der Produktion, dem Verkauf, der Reparatur, der Wartung und anderen k\u00f6rperlichen T\u00e4tigkeiten besch\u00e4ftigen. Sogar auch im Digitalisierungs- und Computertechnologieverbreiterungsalter ist die Nachfrage nach diesen Profilen auch weiterhin auf hohem Niveau. Darauf weist die Information hin, dass immer mehr ausl\u00e4ndische Unternehmen Arbeiter aus dem Gebiet von Serbien, Montenegro und Bosnien und Herzegowina suchen. [\/vc_column_text][\/vc_column][\/vc_row][vc_row css=&#8221;.vc_custom_1551101876281{margin-bottom: 0px !important;padding-top: 20px !important;padding-bottom: 0px !important;}&#8221;][vc_column el_class=&#8221;profil-slika-21&#8243;][vc_column_text] DIE REKRUTIERUNGSPROZESSSCHRITTE [\/vc_column_text][vc_column_text]Gleich wichtig ist auch, dass wir nach dem Abschluss...","og_url":"https:\/\/profil-group.rs\/at\/die-beschaftigung-in-der-eu\/","og_site_name":"Profil","article_modified_time":"2020-07-20T10:58:35+00:00","twitter_card":"summary_large_image","twitter_misc":{"Est. reading time":"2 minutes"},"schema":{"@context":"https:\/\/schema.org","@graph":[{"@type":"WebPage","@id":"https:\/\/profil-group.rs\/at\/die-beschaftigung-in-der-eu\/","url":"https:\/\/profil-group.rs\/at\/die-beschaftigung-in-der-eu\/","name":"Die besch\u00e4ftigung in der eu - Profil","isPartOf":{"@id":"https:\/\/profil-group.rs\/#website"},"datePublished":"2019-04-01T07:48:24+00:00","dateModified":"2020-07-20T10:58:35+00:00","breadcrumb":{"@id":"https:\/\/profil-group.rs\/at\/die-beschaftigung-in-der-eu\/#breadcrumb"},"inLanguage":"de-AT","potentialAction":[{"@type":"ReadAction","target":["https:\/\/profil-group.rs\/at\/die-beschaftigung-in-der-eu\/"]}]},{"@type":"BreadcrumbList","@id":"https:\/\/profil-group.rs\/at\/die-beschaftigung-in-der-eu\/#breadcrumb","itemListElement":[{"@type":"ListItem","position":1,"name":"Home","item":"https:\/\/profil-group.rs\/at\/"},{"@type":"ListItem","position":2,"name":"Die besch\u00e4ftigung in der eu"}]},{"@type":"WebSite","@id":"https:\/\/profil-group.rs\/#website","url":"https:\/\/profil-group.rs\/","name":"Profil","description":"","publisher":{"@id":"https:\/\/profil-group.rs\/#organization"},"potentialAction":[{"@type":"SearchAction","target":{"@type":"EntryPoint","urlTemplate":"https:\/\/profil-group.rs\/?s={search_term_string}"},"query-input":{"@type":"PropertyValueSpecification","valueRequired":true,"valueName":"search_term_string"}}],"inLanguage":"de-AT"},{"@type":"Organization","@id":"https:\/\/profil-group.rs\/#organization","name":"Profil Group","url":"https:\/\/profil-group.rs\/","logo":{"@type":"ImageObject","inLanguage":"de-AT","@id":"https:\/\/profil-group.rs\/#\/schema\/logo\/image\/","url":"https:\/\/profil-group.rs\/wp-content\/uploads\/2019\/01\/Profil-logo-1.jpg","contentUrl":"https:\/\/profil-group.rs\/wp-content\/uploads\/2019\/01\/Profil-logo-1.jpg","width":600,"height":410,"caption":"Profil Group"},"image":{"@id":"https:\/\/profil-group.rs\/#\/schema\/logo\/image\/"}}]}},"_links":{"self":[{"href":"https:\/\/profil-group.rs\/at\/wp-json\/wp\/v2\/pages\/26121","targetHints":{"allow":["GET"]}}],"collection":[{"href":"https:\/\/profil-group.rs\/at\/wp-json\/wp\/v2\/pages"}],"about":[{"href":"https:\/\/profil-group.rs\/at\/wp-json\/wp\/v2\/types\/page"}],"author":[{"embeddable":true,"href":"https:\/\/profil-group.rs\/at\/wp-json\/wp\/v2\/users\/1"}],"replies":[{"embeddable":true,"href":"https:\/\/profil-group.rs\/at\/wp-json\/wp\/v2\/comments?post=26121"}],"version-history":[{"count":7,"href":"https:\/\/profil-group.rs\/at\/wp-json\/wp\/v2\/pages\/26121\/revisions"}],"predecessor-version":[{"id":26983,"href":"https:\/\/profil-group.rs\/at\/wp-json\/wp\/v2\/pages\/26121\/revisions\/26983"}],"wp:attachment":[{"href":"https:\/\/profil-group.rs\/at\/wp-json\/wp\/v2\/media?parent=26121"}],"curies":[{"name":"wp","href":"https:\/\/api.w.org\/{rel}","templated":true}]}}