{"id":26025,"date":"2019-03-29T11:55:31","date_gmt":"2019-03-29T11:55:31","guid":{"rendered":"https:\/\/profil.avokado.ninja\/?page_id=26025"},"modified":"2020-07-16T10:43:54","modified_gmt":"2020-07-16T10:43:54","slug":"uber-uns","status":"publish","type":"page","link":"https:\/\/profil-group.rs\/de\/uber-uns\/","title":{"rendered":"\u00dcber uns"},"content":{"rendered":"<p>[vc_row full_width=&#8220;stretch_row&#8220; css=&#8220;.vc_custom_1554105466260{margin-bottom: 0px !important;padding-top: 100px !important;padding-bottom: 100px !important;background-image: url(https:\/\/profil-group.rs\/wp-content\/uploads\/2019\/01\/Profil-o-nama.jpg?id=24779) !important;}&#8220;][vc_column width=&#8220;1\/2&#8243; el_class=&#8220;profil-slika-21&#8243;][vc_column_text]<\/p>\n<div class=\"title-xlarge\"><span style=\"color: #c18f59;\">\u00dcBER UNS<\/span><\/div>\n<p>[\/vc_column_text]<div class=\"clearboth\"><\/div><div class=\"gem-divider \" style=\"margin-top: 30px;\"><\/div>[vc_column_text]<\/p>\n<h2 style=\"font-size: 21px; line-height: 30px;\">LOKALE BERATER AUF DEM LOKALEN MARKT<\/h2>\n<p>[\/vc_column_text]<div class=\"clearboth\"><\/div><div class=\"gem-divider \" style=\"margin-top: 20px;\"><\/div>[vc_column_text]PROFIL-GROUP ist eine Beratungsfirma aus Belgrad, die ein Teil einer internationalen Gruppe von Unternehmen ist, die mit der Franchise PROFIL verbunden sind.<\/p>\n<p>Die Firma PROFIL hat weit zur\u00fcckliegenden Jahr 1988 zu arbeiten begonnen und war das erste Beratungshaus, dass auf dem Markt von Jugoslawien komplette HR-Dienstleistungen angeboten hat.<\/p>\n<p>Heute deckt die Gruppe unserer Unternehmen neben Serbien auch die M\u00e4rkte von Slowenien, Kroatien, Bosnien und Herzegowina, Montenegro, Mazedonien, Albanien und auch breiter. Unsere Berater schlie\u00dfen n\u00e4mlich Projekte nicht nur in der Adriatik-Region, sondern auch in der Europ\u00e4ischen Gemeinschaft und in Russland erfolgreich ab.<\/p>\n<p>F\u00fcr unsere Kunden aus der ganzen Welt arbeiten in Serbien sechs hochgebildete Berater. Ihre Arbeit verrichten Sie entsprechend von h\u00f6chsten internationalen Standards, die sie unter anderem auch selbst in den 30 Jahren des Bestehens der Gruppe PROFIL aufgestellt haben.[\/vc_column_text]<div class=\"clearboth\"><\/div><div class=\"gem-divider \" style=\"margin-top: 100pxpx;\"><\/div>[\/vc_column][vc_column width=&#8220;1\/2&#8243; offset=&#8220;vc_col-lg-6 vc_hidden-md vc_hidden-sm vc_hidden-xs&#8220; el_class=&#8220;profil-slika-21&#8243;][\/vc_column][\/vc_row][vc_row full_width=&#8220;stretch_row_content&#8220;][vc_column width=&#8220;1\/3&#8243; css=&#8220;.vc_custom_1551273747847{margin-top: 0px !important;padding-top: 50px !important;padding-right: 50px !important;padding-bottom: 40px !important;padding-left: 55px !important;background-color: #282d3c !important;}&#8220; el_class=&#8220;col-profil profil-slika-211&#8243;][vc_column_text]<\/p>\n<div class=\"title-xlarge\" style=\"text-align: right;\"><span style=\"color: #ffffff; font-family: 'Old Standard TT', serif;\">01<\/span><\/div>\n<p>[\/vc_column_text]<div class=\"clearboth\"><\/div><div class=\"gem-divider \" style=\"margin-top: 35px;\"><\/div>[vc_column_text]<\/p>\n<h4><span style=\"color: #ffffff; font-family: 'Montserrat UltraLight'; font-weight: normal; font-size: 20px; line-height: 20px;\">SPITZENERGEBNISSE<\/span><\/h4>\n<p>[\/vc_column_text]<div class=\"clearboth\"><\/div><div class=\"gem-divider \" style=\"margin-top: 25px;\"><\/div>[vc_column_text]<span style=\"color: #ffffff;\">Die Ergebnisse unserer Arbeit sind eine exakte Verkaufs-, Ertrags- oder Profitwachstumsrate sowie ein erh\u00f6htes Engagement, die Retention und die Zufriedenheit der Angestellten.<\/span>[\/vc_column_text]<div class=\"clearboth\"><\/div><div class=\"gem-divider \" style=\"margin-top: 40px;\"><\/div>[\/vc_column][vc_column width=&#8220;1\/3&#8243; css=&#8220;.vc_custom_1551273752067{margin-top: 0px !important;padding-top: 50px !important;padding-right: 50px !important;padding-bottom: 40px !important;padding-left: 55px !important;background-color: #c79f73 !important;}&#8220; el_class=&#8220;col-profil profil-slika-211&#8243;][vc_column_text]<\/p>\n<div class=\"title-xlarge\" style=\"text-align: right;\"><span style=\"color: #ffffff; font-family: 'Old Standard TT', serif;\">02<\/span><\/div>\n<p>[\/vc_column_text]<div class=\"clearboth\"><\/div><div class=\"gem-divider \" style=\"margin-top: 35px;\"><\/div>[vc_column_text]<\/p>\n<h4><span style=\"color: #ffffff; font-family: 'Montserrat UltraLight'; font-weight: normal; font-size: 20px; line-height: 20px;\">UNTERNEHMENSENTWICKLUNG<br \/>\n<\/span><\/h4>\n<p>[\/vc_column_text]<div class=\"clearboth\"><\/div><div class=\"gem-divider \" style=\"margin-top: 25px;\"><\/div>[vc_column_text]<span style=\"color: #ffffff;\">Mit unseren Dienstleistungen der Beratung der Leitung sowie der Gew\u00e4hrleistung von f\u00e4higem Personal sind der Erfolg und die Entwicklung von Unternehmen fast garantiert.<\/span>[\/vc_column_text]<div class=\"clearboth\"><\/div><div class=\"gem-divider \" style=\"margin-top: 40px;\"><\/div>[\/vc_column][vc_column width=&#8220;1\/3&#8243; css=&#8220;.vc_custom_1551273755134{margin-top: 0px !important;padding-top: 50px !important;padding-right: 50px !important;padding-bottom: 40px !important;padding-left: 55px !important;background-color: #4e566c !important;}&#8220; el_class=&#8220;col-profil profil-slika-211&#8243;][vc_column_text]<\/p>\n<div class=\"title-xlarge\" style=\"text-align: right;\"><span style=\"color: #ffffff; font-family: 'Old Standard TT', serif;\">03<\/span><\/div>\n<p>[\/vc_column_text]<div class=\"clearboth\"><\/div><div class=\"gem-divider \" style=\"margin-top: 35px;\"><\/div>[vc_column_text]<\/p>\n<h4><span style=\"color: #ffffff; font-family: 'Montserrat UltraLight'; font-weight: normal;\">PERS\u00d6NLICHER ERFOLG<\/span><\/h4>\n<p>[\/vc_column_text]<div class=\"clearboth\"><\/div><div class=\"gem-divider \" style=\"margin-top: 25px;\"><\/div>[vc_column_text]<span style=\"color: #ffffff;\">Die Dienstleistungen der Karriereberatung sowie die pers\u00f6nlichen Gesch\u00e4fts- und Personaltrainings, die wir anbieten, sind ein Schritt zur erfolgreichen Karriere, nach der Sie streben.<\/span>[\/vc_column_text]<div class=\"clearboth\"><\/div><div class=\"gem-divider \" style=\"margin-top: 40px;\"><\/div>[\/vc_column][\/vc_row][vc_row css=&#8220;.vc_custom_1470926111053{margin-bottom: 0px !important;padding-top: 100px !important;padding-bottom: 130px !important;}&#8220;][vc_column][vc_column_text]<\/p>\n<h1 style=\"text-align: center;\"><span style=\"color: #282d3c; font-weight: bold;\">UNSER<span style=\"color: #c18f59;\"> TEAM<\/span><\/span><\/h1>\n<p>[\/vc_column_text]<div class=\"clearboth\"><\/div><div class=\"gem-divider \" style=\"margin-top: 60px;\"><\/div>[vc_column_text]<\/p>\n<div class=\"styled-subtitle\" style=\"text-align: center; position: relative; max-width: 970px; margin: 0 auto;\"><span style=\"color: #7a7a7a;\">Unser Team machen Spitzenexperten aus, die sich mit der gepr\u00fcften Methode der<br \/>\nPersonalsuche <\/span><span style=\"color: #7a7a7a;\">und der \u2013auswahl besch\u00e4ftigen. <\/span><\/div>\n<p>[\/vc_column_text]<div class=\"clearboth\"><\/div><div class=\"gem-divider \" style=\"margin-top: 80px;\"><\/div>[vc_row_inner][vc_column_inner el_class=&#8220;team bojana&#8220; width=&#8220;1\/2&#8243;]<div class=\"gem-textbox centered-box\" ><div class=\"gem-textbox-inner\" style=\"border: 2px solid #f6f6f6;\"><div class=\"gem-textbox-content\" style=\"background-color: #ffffff;background-position: center top;padding-top: 0px;padding-bottom: 0px;padding-left: 10px;padding-right: 10px;\">[vc_hoverbox image=&#8220;25700&#8243; primary_title=&#8220;&#8220; hover_title=&#8220;&#8220; shape=&#8220;square&#8220; hover_background_color=&#8220;white&#8220;]<\/p>\n<div>\n<p>Bojana Djuric ist eine Psychologin, ein Coach und eine Psychotherapeutin mit einer f\u00fcnfzehn Jahre langen Arbeitserfahrung in Beratungsaktivit\u00e4ten im Privatsektor in der Region und breiter (Osteuropa). Ihre Expertisefelder sind die Analyse des Entwicklungspotentials und der Psychodynamik der Entwicklung der professionellen Pers\u00f6nlichkeit und der Motivationsstruktur in der Praxis. An der Philosophiefakult\u00e4t in Belgrad hat sie das Grund- und das Masterstudium abgeschlossen und im Jahr 2017 das Doktorat aus angewandter Psychologie der Universit\u00e4t in Ljubljana verteidigt. Sie ist ein zertifizierter Coacher und eine Psychologieberaterin. Sie ist an der Auswahl und die Anwendung n\u00fctzlichster traditioneller und innovativer Errungenschaften in der Psychologie und dem Management in der Praxis orientiert. Sie hat eine reiche Erfahrung in allen modernen Einsch\u00e4tzungsmethoden und der Anpassung, der Standardisierung und der Anwendung zahlreicher Instrumente, sowohl in der Entwicklung und der Anwendung neuer Trainings- und Coachingmethoden, die an die individuellen und die Teambed\u00fcrfnisse von Kunden orientiert sind.<\/p>\n<\/div>\n<p>[\/vc_hoverbox][vc_column_text]<\/p>\n<h5><span class=\"light\" style=\"color: #282d3c;\">Bojana \u0110uri\u0107<br \/>\nSC.D.<\/span><\/h5>\n<p>[\/vc_column_text]<div class=\"clearboth\"><\/div><div class=\"gem-divider \" style=\"margin-top: -15px;\"><\/div>[vc_column_text]<span style=\"color: #c18f59;\">Projektdirektorin<br \/>\nTel:\u00a0<a href=\"tel:+381658705987\">(00 381) 65 870 59 87<\/a><br \/>\nE-mail: <a href=\"mailto:bojana.djuric@profil-group.rs\">bojana.djuric@profil-group.rs<\/a><br \/>\n<\/span>[\/vc_column_text]<div class=\"clearboth\"><\/div><div class=\"gem-divider \" style=\"margin-top: 20px;\"><\/div><div class=\"socials socials-list socials-colored-hover socials-square socials-alignment-left\"><a class=\"socials-item\" target=\"_blank\" href=\"https:\/\/www.linkedin.com\/in\/bojana-djuric-63a0bb43\/\" style=\"color: #bcbcbc;\"><i class=\"socials-item-icon linkedin\" style=\"font-size: 22px\"><\/i><\/a><a class=\"socials-item\" target=\"_blank\" href=\"skype:bojana.djuric?chat\" style=\"color: #bcbcbc;\"><i class=\"socials-item-icon skype\" style=\"font-size: 22px\"><\/i><\/a><\/div><\/div><\/div><\/div>[\/vc_column_inner][vc_column_inner el_class=&#8220;team&#8220; width=&#8220;1\/2&#8243;]<div class=\"gem-textbox centered-box\" ><div class=\"gem-textbox-inner\" style=\"border: 2px solid #f6f6f6;\"><div class=\"gem-textbox-content\" style=\"background-color: #ffffff;background-position: center top;padding-top: 0px;padding-bottom: 0px;padding-left: 10px;padding-right: 10px;\">[vc_hoverbox image=&#8220;26300&#8243; primary_title=&#8220;&#8220; hover_title=&#8220;&#8220; shape=&#8220;square&#8220; hover_background_color=&#8220;white&#8220;]<\/p>\n<div>\n<p>Zoran hat eine mehr als 30 Jahre lange internationale Erfahrung im Verkaufs-, Marketing-, Finanz-, Medien-, Automobilismus- und Unternehmensverwaltungsbereich. Er hat das Managementmasterstudium an der Fakult\u00e4t in Ljubljana abgeschlossen. Mit Personalressourcen besch\u00e4ftigt er sich seit dem Jahr 2001 und er ist der Miteigent\u00fcmer der Profil Gruppe in Serbien, Kroatien und Slowenien. Als Direktor leitet er Profil in Serbien seit dem Jahr 2005 und die Projekte aus dem HR-Bereich macht er in der ganzen Region. Zoran ist gleichzeitig auch ein Mitglied des Verwaltungsausschusses des slowenischen Businessclubs in Belgrad. Zoran hat auch eine Lizenz f\u00fcr ein Mitglied des Aufsichtsrats, die vom Verband der Aufsichtsbeh\u00f6rden der Republik Slowenien erteilt wird.<\/p>\n<\/div>\n<p>[\/vc_hoverbox][vc_column_text]<\/p>\n<h5><span class=\"light\" style=\"color: #282d3c;\">Zoran Lazuki\u0107<br \/>\nM.Sc.\/Partner<br \/>\n<\/span><\/h5>\n<p>[\/vc_column_text]<div class=\"clearboth\"><\/div><div class=\"gem-divider \" style=\"margin-top: -15px;\"><\/div>[vc_column_text]<span style=\"color: #c18f59;\">Direktor<br \/>\nTel:\u00a0<a href=\"tel:+381628232670\">(00 381) 62 823 26 70<\/a><br \/>\nE-mail: <a href=\"mailto:zoran.lazukic@profil-group.com\">zoran.lazukic@profil-group.com<\/a><br \/>\n<\/span>[\/vc_column_text]<div class=\"clearboth\"><\/div><div class=\"gem-divider \" style=\"margin-top: 20px;\"><\/div><div class=\"socials socials-list socials-colored-hover socials-square socials-alignment-left\"><a class=\"socials-item\" target=\"_blank\" href=\"https:\/\/www.linkedin.com\/in\/zoranlazukic\/\" style=\"color: #bcbcbc;\"><i class=\"socials-item-icon linkedin\" style=\"font-size: 22px\"><\/i><\/a><a class=\"socials-item\" target=\"_blank\" href=\"skype:zoran.lazukic?chat\" style=\"color: #bcbcbc;\"><i class=\"socials-item-icon skype\" style=\"font-size: 22px\"><\/i><\/a><\/div><\/div><\/div><\/div>[\/vc_column_inner][\/vc_row_inner][\/vc_column][\/vc_row][vc_row][vc_column][vc_column_text]<iframe loading=\"lazy\" src=\"https:\/\/www.youtube.com\/embed\/MBFVzCc281o\" width=\"100%\" height=\"500\" frameborder=\"0\" allowfullscreen=\"allowfullscreen\"><span data-mce-type=\"bookmark\" style=\"display: inline-block; width: 0px; overflow: hidden; line-height: 0;\" class=\"mce_SELRES_start\">\ufeff<\/span><span data-mce-type=\"bookmark\" style=\"display: inline-block; width: 0px; overflow: hidden; line-height: 0;\" class=\"mce_SELRES_start\">\ufeff<\/span><span data-mce-type=\"bookmark\" style=\"display: inline-block; width: 0px; overflow: hidden; line-height: 0;\" class=\"mce_SELRES_start\">\ufeff<\/span><\/iframe>[\/vc_column_text][\/vc_column][\/vc_row][vc_row full_width=&#8220;stretch_row&#8220; css=&#8220;.vc_custom_1550828031730{margin-bottom: 0px !important;padding-top: 100px !important;padding-bottom: 0px !important;background-image: url(https:\/\/profil-group.rs\/wp-content\/uploads\/2019\/02\/Profil-o-nama-2.jpg?id=25473) !important;background-position: center !important;background-repeat: no-repeat !important;background-size: cover !important;}&#8220;][vc_column][vc_column_text]<\/p>\n<h1 style=\"text-align: center;\"><span style=\"color: #f4bc7f; font-weight: bold; font-size: 30px;\"><span style=\"color: #fff; font-weight: bold;\">WARUM SOLLTE <\/span>MAN PROFILS BERATER AUSW\u00c4HLEN? <\/span><\/h1>\n<p>[\/vc_column_text]<div class=\"clearboth\"><\/div><div class=\"gem-divider \" style=\"margin-top: 50px;\"><\/div>[vc_column_text]<\/p>\n<div class=\"styled-subtitle\" style=\"text-align: center; max-width: 970px; margin: 0 auto;\"><span style=\"color: #ffffff; font-size: 20px;\">Beim Profil verstehen wir, wie wichtig es ist, dass alle Faktoren und Probleme in Anbetracht genommen werden, wenn ein Unternehmen in Rekonstruktion ist, gemeinsam mit der Komplexit\u00e4t, die mit der Aktivit\u00e4t der Verwaltung der Ver\u00e4nderungen, der Verwaltung des Managerteams und der Managerstruktur verbunden ist oder wenn man \u00fcber neue Karrierem\u00f6glichkeiten nachdenkt. Was ist das, was wir Ihnen anbieten k\u00f6nnen?<br \/>\n<\/span><\/div>\n<p>[\/vc_column_text]<div class=\"clearboth\"><\/div><div class=\"gem-divider \" style=\"margin-top: 90px;\"><\/div>[vc_column_text el_class=&#8220;video-profil&#8220; css=&#8220;.vc_custom_1553861143112{padding-bottom: 100px !important;}&#8220;]<iframe loading=\"lazy\" src=\"https:\/\/www.youtube-nocookie.com\/embed\/sE-ZHe0ax58\" width=\"100%\" height=\"500\" frameborder=\"0\" allowfullscreen=\"allowfullscreen\" data-mce-fragment=\"1\"><span data-mce-type=\"bookmark\" style=\"display: inline-block; width: 0px; overflow: hidden; line-height: 0;\" class=\"mce_SELRES_start\">\ufeff<\/span><\/iframe>[\/vc_column_text][\/vc_column][\/vc_row]<\/p>\n","protected":false},"excerpt":{"rendered":"<p>[vc_row full_width=&#8220;stretch_row&#8220; css=&#8220;.vc_custom_1554105466260{margin-bottom: 0px !important;padding-top: 100px !important;padding-bottom: 100px !important;background-image: url(https:\/\/profil-group.rs\/wp-content\/uploads\/2019\/01\/Profil-o-nama.jpg?id=24779) !important;}&#8220;][vc_column width=&#8220;1\/2&#8243; el_class=&#8220;profil-slika-21&#8243;][vc_column_text] \u00dcBER UNS [\/vc_column_text][vc_column_text] LOKALE BERATER AUF DEM LOKALEN MARKT [\/vc_column_text][vc_column_text]PROFIL-GROUP ist eine Beratungsfirma aus Belgrad, die ein Teil einer internationalen Gruppe von Unternehmen ist, die mit der Franchise PROFIL verbunden sind. Die Firma PROFIL hat weit zur\u00fcckliegenden Jahr 1988 zu arbeiten begonnen und war das erste Beratungshaus, dass auf dem Markt von Jugoslawien komplette HR-Dienstleistungen angeboten hat. Heute deckt die Gruppe unserer Unternehmen neben Serbien auch die M\u00e4rkte von Slowenien, Kroatien, Bosnien und Herzegowina, Montenegro, Mazedonien, Albanien und auch breiter. Unsere Berater schlie\u00dfen n\u00e4mlich Projekte nicht nur in der Adriatik-Region, sondern auch in der Europ\u00e4ischen Gemeinschaft und in Russland erfolgreich ab. F\u00fcr unsere Kunden aus der ganzen Welt arbeiten in Serbien sechs hochgebildete Berater. Ihre Arbeit verrichten Sie entsprechend von h\u00f6chsten internationalen Standards, die sie unter anderem auch selbst in den 30 Jahren des Bestehens der Gruppe&#8230;<\/p>\n","protected":false},"author":1,"featured_media":0,"parent":0,"menu_order":0,"comment_status":"closed","ping_status":"closed","template":"","meta":{"footnotes":""},"class_list":["post-26025","page","type-page","status-publish"],"yoast_head":"<!-- This site is optimized with the Yoast SEO plugin v27.3 - https:\/\/yoast.com\/product\/yoast-seo-wordpress\/ -->\n<title>\u00dcber uns - Profil<\/title>\n<meta name=\"robots\" content=\"index, follow, max-snippet:-1, max-image-preview:large, max-video-preview:-1\" \/>\n<link rel=\"canonical\" href=\"https:\/\/profil-group.rs\/de\/uber-uns\/\" \/>\n<meta property=\"og:locale\" content=\"de_DE\" \/>\n<meta property=\"og:type\" content=\"article\" \/>\n<meta property=\"og:title\" content=\"\u00dcber uns - Profil\" \/>\n<meta property=\"og:description\" content=\"[vc_row full_width=&#8220;stretch_row&#8220; css=&#8220;.vc_custom_1554105466260{margin-bottom: 0px !important;padding-top: 100px !important;padding-bottom: 100px !important;background-image: url(https:\/\/profil-group.rs\/wp-content\/uploads\/2019\/01\/Profil-o-nama.jpg?id=24779) !important;}&#8220;][vc_column width=&#8220;1\/2&#8243; el_class=&#8220;profil-slika-21&#8243;][vc_column_text] \u00dcBER UNS [\/vc_column_text][vc_column_text] LOKALE BERATER AUF DEM LOKALEN MARKT [\/vc_column_text][vc_column_text]PROFIL-GROUP ist eine Beratungsfirma aus Belgrad, die ein Teil einer internationalen Gruppe von Unternehmen ist, die mit der Franchise PROFIL verbunden sind. Die Firma PROFIL hat weit zur\u00fcckliegenden Jahr 1988 zu arbeiten begonnen und war das erste Beratungshaus, dass auf dem Markt von Jugoslawien komplette HR-Dienstleistungen angeboten hat. Heute deckt die Gruppe unserer Unternehmen neben Serbien auch die M\u00e4rkte von Slowenien, Kroatien, Bosnien und Herzegowina, Montenegro, Mazedonien, Albanien und auch breiter. Unsere Berater schlie\u00dfen n\u00e4mlich Projekte nicht nur in der Adriatik-Region, sondern auch in der Europ\u00e4ischen Gemeinschaft und in Russland erfolgreich ab. F\u00fcr unsere Kunden aus der ganzen Welt arbeiten in Serbien sechs hochgebildete Berater. Ihre Arbeit verrichten Sie entsprechend von h\u00f6chsten internationalen Standards, die sie unter anderem auch selbst in den 30 Jahren des Bestehens der Gruppe...\" \/>\n<meta property=\"og:url\" content=\"https:\/\/profil-group.rs\/de\/uber-uns\/\" \/>\n<meta property=\"og:site_name\" content=\"Profil\" \/>\n<meta property=\"article:modified_time\" content=\"2020-07-16T10:43:54+00:00\" \/>\n<meta name=\"twitter:card\" content=\"summary_large_image\" \/>\n<meta name=\"twitter:label1\" content=\"Gesch\u00e4tzte Lesezeit\" \/>\n\t<meta name=\"twitter:data1\" content=\"6\u00a0Minuten\" \/>\n<script type=\"application\/ld+json\" class=\"yoast-schema-graph\">{\"@context\":\"https:\\\/\\\/schema.org\",\"@graph\":[{\"@type\":\"WebPage\",\"@id\":\"https:\\\/\\\/profil-group.rs\\\/de\\\/uber-uns\\\/\",\"url\":\"https:\\\/\\\/profil-group.rs\\\/de\\\/uber-uns\\\/\",\"name\":\"\u00dcber uns - Profil\",\"isPartOf\":{\"@id\":\"https:\\\/\\\/profil-group.rs\\\/#website\"},\"datePublished\":\"2019-03-29T11:55:31+00:00\",\"dateModified\":\"2020-07-16T10:43:54+00:00\",\"breadcrumb\":{\"@id\":\"https:\\\/\\\/profil-group.rs\\\/de\\\/uber-uns\\\/#breadcrumb\"},\"inLanguage\":\"de\",\"potentialAction\":[{\"@type\":\"ReadAction\",\"target\":[\"https:\\\/\\\/profil-group.rs\\\/de\\\/uber-uns\\\/\"]}]},{\"@type\":\"BreadcrumbList\",\"@id\":\"https:\\\/\\\/profil-group.rs\\\/de\\\/uber-uns\\\/#breadcrumb\",\"itemListElement\":[{\"@type\":\"ListItem\",\"position\":1,\"name\":\"Home\",\"item\":\"https:\\\/\\\/profil-group.rs\\\/de\\\/\"},{\"@type\":\"ListItem\",\"position\":2,\"name\":\"\u00dcber uns\"}]},{\"@type\":\"WebSite\",\"@id\":\"https:\\\/\\\/profil-group.rs\\\/#website\",\"url\":\"https:\\\/\\\/profil-group.rs\\\/\",\"name\":\"Profil\",\"description\":\"\",\"publisher\":{\"@id\":\"https:\\\/\\\/profil-group.rs\\\/#organization\"},\"potentialAction\":[{\"@type\":\"SearchAction\",\"target\":{\"@type\":\"EntryPoint\",\"urlTemplate\":\"https:\\\/\\\/profil-group.rs\\\/?s={search_term_string}\"},\"query-input\":{\"@type\":\"PropertyValueSpecification\",\"valueRequired\":true,\"valueName\":\"search_term_string\"}}],\"inLanguage\":\"de\"},{\"@type\":\"Organization\",\"@id\":\"https:\\\/\\\/profil-group.rs\\\/#organization\",\"name\":\"Profil Group\",\"url\":\"https:\\\/\\\/profil-group.rs\\\/\",\"logo\":{\"@type\":\"ImageObject\",\"inLanguage\":\"de\",\"@id\":\"https:\\\/\\\/profil-group.rs\\\/#\\\/schema\\\/logo\\\/image\\\/\",\"url\":\"https:\\\/\\\/profil-group.rs\\\/wp-content\\\/uploads\\\/2019\\\/01\\\/Profil-logo-1.jpg\",\"contentUrl\":\"https:\\\/\\\/profil-group.rs\\\/wp-content\\\/uploads\\\/2019\\\/01\\\/Profil-logo-1.jpg\",\"width\":600,\"height\":410,\"caption\":\"Profil Group\"},\"image\":{\"@id\":\"https:\\\/\\\/profil-group.rs\\\/#\\\/schema\\\/logo\\\/image\\\/\"}}]}<\/script>\n<!-- \/ Yoast SEO plugin. -->","yoast_head_json":{"title":"\u00dcber uns - Profil","robots":{"index":"index","follow":"follow","max-snippet":"max-snippet:-1","max-image-preview":"max-image-preview:large","max-video-preview":"max-video-preview:-1"},"canonical":"https:\/\/profil-group.rs\/de\/uber-uns\/","og_locale":"de_DE","og_type":"article","og_title":"\u00dcber uns - Profil","og_description":"[vc_row full_width=&#8220;stretch_row&#8220; css=&#8220;.vc_custom_1554105466260{margin-bottom: 0px !important;padding-top: 100px !important;padding-bottom: 100px !important;background-image: url(https:\/\/profil-group.rs\/wp-content\/uploads\/2019\/01\/Profil-o-nama.jpg?id=24779) !important;}&#8220;][vc_column width=&#8220;1\/2&#8243; el_class=&#8220;profil-slika-21&#8243;][vc_column_text] \u00dcBER UNS [\/vc_column_text][vc_column_text] LOKALE BERATER AUF DEM LOKALEN MARKT [\/vc_column_text][vc_column_text]PROFIL-GROUP ist eine Beratungsfirma aus Belgrad, die ein Teil einer internationalen Gruppe von Unternehmen ist, die mit der Franchise PROFIL verbunden sind. Die Firma PROFIL hat weit zur\u00fcckliegenden Jahr 1988 zu arbeiten begonnen und war das erste Beratungshaus, dass auf dem Markt von Jugoslawien komplette HR-Dienstleistungen angeboten hat. Heute deckt die Gruppe unserer Unternehmen neben Serbien auch die M\u00e4rkte von Slowenien, Kroatien, Bosnien und Herzegowina, Montenegro, Mazedonien, Albanien und auch breiter. Unsere Berater schlie\u00dfen n\u00e4mlich Projekte nicht nur in der Adriatik-Region, sondern auch in der Europ\u00e4ischen Gemeinschaft und in Russland erfolgreich ab. F\u00fcr unsere Kunden aus der ganzen Welt arbeiten in Serbien sechs hochgebildete Berater. Ihre Arbeit verrichten Sie entsprechend von h\u00f6chsten internationalen Standards, die sie unter anderem auch selbst in den 30 Jahren des Bestehens der Gruppe...","og_url":"https:\/\/profil-group.rs\/de\/uber-uns\/","og_site_name":"Profil","article_modified_time":"2020-07-16T10:43:54+00:00","twitter_card":"summary_large_image","twitter_misc":{"Gesch\u00e4tzte Lesezeit":"6\u00a0Minuten"},"schema":{"@context":"https:\/\/schema.org","@graph":[{"@type":"WebPage","@id":"https:\/\/profil-group.rs\/de\/uber-uns\/","url":"https:\/\/profil-group.rs\/de\/uber-uns\/","name":"\u00dcber uns - Profil","isPartOf":{"@id":"https:\/\/profil-group.rs\/#website"},"datePublished":"2019-03-29T11:55:31+00:00","dateModified":"2020-07-16T10:43:54+00:00","breadcrumb":{"@id":"https:\/\/profil-group.rs\/de\/uber-uns\/#breadcrumb"},"inLanguage":"de","potentialAction":[{"@type":"ReadAction","target":["https:\/\/profil-group.rs\/de\/uber-uns\/"]}]},{"@type":"BreadcrumbList","@id":"https:\/\/profil-group.rs\/de\/uber-uns\/#breadcrumb","itemListElement":[{"@type":"ListItem","position":1,"name":"Home","item":"https:\/\/profil-group.rs\/de\/"},{"@type":"ListItem","position":2,"name":"\u00dcber uns"}]},{"@type":"WebSite","@id":"https:\/\/profil-group.rs\/#website","url":"https:\/\/profil-group.rs\/","name":"Profil","description":"","publisher":{"@id":"https:\/\/profil-group.rs\/#organization"},"potentialAction":[{"@type":"SearchAction","target":{"@type":"EntryPoint","urlTemplate":"https:\/\/profil-group.rs\/?s={search_term_string}"},"query-input":{"@type":"PropertyValueSpecification","valueRequired":true,"valueName":"search_term_string"}}],"inLanguage":"de"},{"@type":"Organization","@id":"https:\/\/profil-group.rs\/#organization","name":"Profil Group","url":"https:\/\/profil-group.rs\/","logo":{"@type":"ImageObject","inLanguage":"de","@id":"https:\/\/profil-group.rs\/#\/schema\/logo\/image\/","url":"https:\/\/profil-group.rs\/wp-content\/uploads\/2019\/01\/Profil-logo-1.jpg","contentUrl":"https:\/\/profil-group.rs\/wp-content\/uploads\/2019\/01\/Profil-logo-1.jpg","width":600,"height":410,"caption":"Profil Group"},"image":{"@id":"https:\/\/profil-group.rs\/#\/schema\/logo\/image\/"}}]}},"_links":{"self":[{"href":"https:\/\/profil-group.rs\/de\/wp-json\/wp\/v2\/pages\/26025","targetHints":{"allow":["GET"]}}],"collection":[{"href":"https:\/\/profil-group.rs\/de\/wp-json\/wp\/v2\/pages"}],"about":[{"href":"https:\/\/profil-group.rs\/de\/wp-json\/wp\/v2\/types\/page"}],"author":[{"embeddable":true,"href":"https:\/\/profil-group.rs\/de\/wp-json\/wp\/v2\/users\/1"}],"replies":[{"embeddable":true,"href":"https:\/\/profil-group.rs\/de\/wp-json\/wp\/v2\/comments?post=26025"}],"version-history":[{"count":21,"href":"https:\/\/profil-group.rs\/de\/wp-json\/wp\/v2\/pages\/26025\/revisions"}],"predecessor-version":[{"id":26956,"href":"https:\/\/profil-group.rs\/de\/wp-json\/wp\/v2\/pages\/26025\/revisions\/26956"}],"wp:attachment":[{"href":"https:\/\/profil-group.rs\/de\/wp-json\/wp\/v2\/media?parent=26025"}],"curies":[{"name":"wp","href":"https:\/\/api.w.org\/{rel}","templated":true}]}}