{"id":26054,"date":"2019-03-29T12:57:55","date_gmt":"2019-03-29T12:57:55","guid":{"rendered":"https:\/\/profil.avokado.ninja\/?page_id=26054"},"modified":"2019-10-21T13:25:27","modified_gmt":"2019-10-21T13:25:27","slug":"testen-von-kandidaten","status":"publish","type":"page","link":"https:\/\/profil-group.rs\/de\/testen-von-kandidaten\/","title":{"rendered":"Testen von Kandidaten"},"content":{"rendered":"<p>[vc_row full_width=&#8220;stretch_row_content_no_spaces&#8220; css=&#8220;.vc_custom_1551090924624{margin-bottom: 0px !important;padding-top: 70px !important;}&#8220;][vc_column width=&#8220;1\/2&#8243; offset=&#8220;vc_col-lg-6 vc_col-md-6 vc_col-xs-12&#8243; el_class=&#8220;profil-slika-21&#8243;][vc_single_image image=&#8220;26708&#8243; img_size=&#8220;full&#8220; css=&#8220;.vc_custom_1551878306801{margin-bottom: 0px !important;padding-bottom: 0px !important;}&#8220;][\/vc_column][vc_column width=&#8220;1\/2&#8243; offset=&#8220;vc_col-lg-6 vc_col-md-6 vc_col-xs-12&#8243; css=&#8220;.vc_custom_1551273131073{padding-right: 100px !important;padding-left: 100px !important;}&#8220; el_class=&#8220;profil-slika-21&#8243;][vc_single_image image=&#8220;25321&#8243; img_size=&#8220;150X120&#8243; el_class=&#8220;slika-profil&#8220;][vc_column_text]<\/p>\n<h5><span style=\"color: #282d3c; font-style: italic; text-transform: none;\">Einsch\u00e4tzungen, Auswahl, Entwicklung<\/span><\/h5>\n<p>[\/vc_column_text]<div class=\"clearboth\"><\/div><div class=\"gem-divider \" style=\"margin-top: -20px;\"><\/div>[vc_column_text]<\/p>\n<h1 style=\"color: line-height: 30px;\"><span style=\"color: #c18f59; font-size: 30px;\">DAS TESTEN VON KANDIDATEN<\/span><\/h1>\n<p>[\/vc_column_text]<div class=\"clearboth\"><\/div><div class=\"gem-divider \" style=\"margin-top: -20px;\"><\/div>[vc_column_text]<\/p>\n<div class=\"wpb_text_column wpb_content_element \">\n<div class=\"wpb_wrapper\">\n<h5 style=\"font-size: 15px; line-height: 20px;\"><span class=\"light\">BOJANA \u0110URI\u0106, SC.D.<br \/>\n<\/span>PROJEKTDIREKTOR<\/h5>\n<\/div>\n<\/div>\n<div class=\"wpb_text_column wpb_content_element \">\n<div class=\"wpb_wrapper\">\n<p>Tel:\u00a0<a href=\"tel:+381658705987\">(00 381) 65 870 59 87<\/a><br \/>\nE-mail:\u00a0<a href=\"mailto:bojana.djuric@profil-group.rs\"><u>bojana.djuric@profil-group.rs<\/u><\/a><\/p>\n<p><a href=\"https:\/\/www.linkedin.com\/in\/bojana-djuric-63a0bb43\/\" target=\"_blank\" rel=\"noopener noreferrer\"><img loading=\"lazy\" decoding=\"async\" class=\"alignnone wp-image-25869\" src=\"https:\/\/profil-group.rs\/wp-content\/uploads\/2019\/02\/linkedin.jpg\" alt=\"\" width=\"23\" height=\"23\" \/><\/a> \u00a0 <a href=\"skype:bojana.djuric?chat\"><img loading=\"lazy\" decoding=\"async\" class=\"alignnone wp-image-25866 \" src=\"https:\/\/profil-group.rs\/wp-content\/uploads\/2019\/02\/skype.jpg\" alt=\"\" width=\"23\" height=\"23\" \/><\/a><\/p>\n<\/div>\n<\/div>\n<p>[\/vc_column_text]<div class=\"clearboth\"><\/div><div class=\"gem-divider \" style=\"margin-top: 50px;\"><\/div>[\/vc_column][\/vc_row][vc_row full_width=&#8220;stretch_row&#8220; css=&#8220;.vc_custom_1551276680925{margin-bottom: 0px !important;padding-top: 50px !important;padding-bottom: 50px !important;background-color: #212331 !important;}&#8220; el_class=&#8220;padd-testiranje&#8220;][vc_column css=&#8220;.vc_custom_1551276655108{padding-right: 20px !important;padding-left: 20px !important;}&#8220;][vc_column_text css=&#8220;.vc_custom_1553864371571{padding-bottom: 30px !important;}&#8220;]<\/p>\n<p style=\"font-size: 20px; color: #fabf7b; margin-bottom: 0px;\">Psychologische Einsch\u00e4tzungen oder das Assessment stellen jetzt einen unvermeidlichen Teil der Auswahl und der Entwicklung von Personal in Unternehmen und das ist nicht zuf\u00e4llig.<\/p>\n<p style=\"text-align: left;\"><span style=\"color: #ffffff;\">Unsere Unternehmen kontaktieren gew\u00f6hnlich mit Anforderungen, wie: einsch\u00e4tzen, wie das Leaderpotential einer Person ist, was ist das, was gemacht werden sollte, damit die Verkaufsfertigkeiten von jemandem maximal entwickelt werden, was ist das, was gemacht werden sollte, damit die Kommunikationsfertigkeiten und die F\u00e4higkeiten zur Motivation von Besch\u00e4ftigten m\u00f6glichst sehr entwickelt werden und die Psychologie ist eine Wissenschaft, die richtige Antworten auf diese Fragen gibt. Ihr Ziel ist auch die Orientierung und die Unterst\u00fctzung der Entwicklung von Menschen, die immer von der ad\u00e4quaten Einsch\u00e4tzung beginnt.<\/span><\/p>\n<p>[\/vc_column_text][vc_row_inner][vc_column_inner width=&#8220;1\/2&#8243;][vc_column_text]<\/p>\n<p style=\"text-align: left;\"><span style=\"color: #ffffff;\">Eine ad\u00e4quate psychologische Einsch\u00e4tzung ist vor allem diejenige, die komplett ist. Das bedeutet, dass das eine Einsch\u00e4tzung ist, die eine grundlegende psychologische Tatsache achtet, und zwar, dass Menschen komplexe und einheitliche Wesen sind beziehungsweise, dass jede Dimension, die mit einem Test oder einem Instrument gemessen ist, im Kontext der gesamten Pers\u00f6nlichkeit betrachtet wird. Zum Beispiel: die Proaktivit\u00e4t ist heute eine sehr gesch\u00e4tzte Eigenschaft, die vom Personal in der Businesswelt sehr gefordert wird, aber falls die Proaktivit\u00e4t nicht von Ausdauer begleitet wird, <\/span><\/p>\n<p>[\/vc_column_text][\/vc_column_inner][vc_column_inner width=&#8220;1\/2&#8243;][vc_column_text]<\/p>\n<p style=\"text-align: left;\"><span style=\"color: #ffffff;\">handelt es sich um eine Person, die sehr f\u00e4hig ist, nee Sachen anzuregen und die im Vorhinein denkt, aber nicht im Stande ist, etwas bis zum Ende abzuschlie\u00dfen. \u00c4hnlich dessen ist, falls wir eine Person suchen, die Systematik, Pr\u00e4zision und ein Gef\u00fchl f\u00fcr Details besitzt, und dabei bei Seite lassen, ob diese Person eine entwickelte F\u00e4higkeit zum strategischen Denken und zum \u00dcberblicken eines breiteren Bilds hat, k\u00f6nnen wir eine Person bekommen, die zu sehr kleinlich ist und die, wie man sagen w\u00fcrde, in wegen einem Baum den Wald nicht sieht\u201c..<\/span><\/p>\n<p>[\/vc_column_text][\/vc_column_inner][\/vc_row_inner][\/vc_column][\/vc_row][vc_row css=&#8220;.vc_custom_1551170280626{margin-bottom: 0px !important;padding-bottom: 0px !important;}&#8220;][vc_column width=&#8220;1\/2&#8243; el_class=&#8220;profil-slika-21&#8243;]<div class=\"clearboth\"><\/div><div class=\"gem-divider profil-3\" style=\"margin-top: 150px;\"><\/div>[vc_column_text]<span style=\"color: #000000; font-size: 19px;\">Die zweite wichtige Sache, die oft vernachl\u00e4ssigt wird und die Psychologen und Menschen, die in der Praxis arbeiten, v\u00f6llig klar ist, ist die, dass die gleichen Menschen zum Beispiel in Deutschland, Frankreich, Skandinavien und in Belgrad nicht gleich erfolgreich sein werden. <\/span><\/p>\n<p><span style=\"color: #7a7a7a;\">Das Umfeld ist anders, die Menschen, mit denen man zusammenarbeitet und kommuniziert, sind anders, sodass etwas andere Charakteristiken der Pers\u00f6nlichkeit notwendig sind.<\/span><\/p>\n<p>Ich mache die Standardisierung auf dem regionalen Niveau und kann sagen, dass solche Unterschiede auch zwischen St\u00e4dten, wie Podgorica und Belgrad, bestehen.<\/p>\n<p>Eine Folge dessen ist in der Praxis das Nutzen von Instrumenten, die lokal nicht standardisiert sind, das Nutzen von Tests, die fremd sind und keine lokale Normatisation haben, sodass sie den Wert der Ergebnisse und ihre N\u00fctzlichkeit f\u00fcr die Vorhersage und f\u00fcr die richtige Einsch\u00e4tzung der Potentiale der Menschen, auf unserem Markt zu arbeiten, verringern.[\/vc_column_text][\/vc_column][vc_column width=&#8220;1\/2&#8243; el_class=&#8220;profil-slika-211&#8243;][vc_single_image image=&#8220;25677&#8243; img_size=&#8220;full&#8220; alignment=&#8220;center&#8220; css=&#8220;.vc_custom_1551192042173{margin-bottom: 0px !important;padding-bottom: 0px !important;}&#8220;][\/vc_column][\/vc_row][vc_row full_width=&#8220;stretch_row&#8220; equal_height=&#8220;yes&#8220; content_placement=&#8220;middle&#8220; css=&#8220;.vc_custom_1549626076170{margin-bottom: 0px !important;padding-top: 150px !important;padding-bottom: 150px !important;background-color: #1a1c28 !important;background-position: 0 0 !important;background-repeat: no-repeat !important;}&#8220; el_class=&#8220;law-paralaxbg&#8220;][vc_column css=&#8220;.vc_custom_1471006434388{margin-top: 0px !important;padding-top: 0px !important;}&#8220;][vc_column_text]<iframe loading=\"lazy\" src=\"https:\/\/www.youtube-nocookie.com\/embed\/TKRB3xKQdLY\" width=\"100%\" height=\"500\" frameborder=\"0\" allowfullscreen=\"allowfullscreen\"><span data-mce-type=\"bookmark\" style=\"display: inline-block; width: 0px; overflow: hidden; line-height: 0;\" class=\"mce_SELRES_start\">\ufeff<\/span><\/iframe>[\/vc_column_text][\/vc_column][\/vc_row]<\/p>\n","protected":false},"excerpt":{"rendered":"<p>[vc_row full_width=&#8220;stretch_row_content_no_spaces&#8220; css=&#8220;.vc_custom_1551090924624{margin-bottom: 0px !important;padding-top: 70px !important;}&#8220;][vc_column width=&#8220;1\/2&#8243; offset=&#8220;vc_col-lg-6 vc_col-md-6 vc_col-xs-12&#8243; el_class=&#8220;profil-slika-21&#8243;][vc_single_image image=&#8220;26708&#8243; img_size=&#8220;full&#8220; css=&#8220;.vc_custom_1551878306801{margin-bottom: 0px !important;padding-bottom: 0px !important;}&#8220;][\/vc_column][vc_column width=&#8220;1\/2&#8243; offset=&#8220;vc_col-lg-6 vc_col-md-6 vc_col-xs-12&#8243; css=&#8220;.vc_custom_1551273131073{padding-right: 100px !important;padding-left: 100px !important;}&#8220; el_class=&#8220;profil-slika-21&#8243;][vc_single_image image=&#8220;25321&#8243; img_size=&#8220;150X120&#8243; el_class=&#8220;slika-profil&#8220;][vc_column_text] Einsch\u00e4tzungen, Auswahl, Entwicklung [\/vc_column_text][vc_column_text] DAS TESTEN VON KANDIDATEN [\/vc_column_text][vc_column_text] BOJANA \u0110URI\u0106, SC.D. PROJEKTDIREKTOR Tel:\u00a0(00 381) 65 870 59 87 E-mail:\u00a0bojana.djuric@profil-group.rs \u00a0 [\/vc_column_text][\/vc_column][\/vc_row][vc_row full_width=&#8220;stretch_row&#8220; css=&#8220;.vc_custom_1551276680925{margin-bottom: 0px !important;padding-top: 50px !important;padding-bottom: 50px !important;background-color: #212331 !important;}&#8220; el_class=&#8220;padd-testiranje&#8220;][vc_column css=&#8220;.vc_custom_1551276655108{padding-right: 20px !important;padding-left: 20px !important;}&#8220;][vc_column_text css=&#8220;.vc_custom_1553864371571{padding-bottom: 30px !important;}&#8220;] Psychologische Einsch\u00e4tzungen oder das Assessment stellen jetzt einen unvermeidlichen Teil der Auswahl und der Entwicklung von Personal in Unternehmen und das ist nicht zuf\u00e4llig. Unsere Unternehmen kontaktieren gew\u00f6hnlich mit Anforderungen, wie: einsch\u00e4tzen, wie das Leaderpotential einer Person ist, was ist das, was gemacht werden sollte, damit die Verkaufsfertigkeiten von jemandem maximal entwickelt werden, was ist das, was gemacht werden sollte, damit die Kommunikationsfertigkeiten und die F\u00e4higkeiten zur Motivation von Besch\u00e4ftigten m\u00f6glichst sehr entwickelt werden und die Psychologie&#8230;<\/p>\n","protected":false},"author":1,"featured_media":0,"parent":0,"menu_order":0,"comment_status":"closed","ping_status":"closed","template":"","meta":{"footnotes":""},"class_list":["post-26054","page","type-page","status-publish"],"yoast_head":"<!-- This site is optimized with the Yoast SEO plugin v27.3 - https:\/\/yoast.com\/product\/yoast-seo-wordpress\/ -->\n<title>Testen von Kandidaten - Profil<\/title>\n<meta name=\"robots\" content=\"index, follow, max-snippet:-1, max-image-preview:large, max-video-preview:-1\" \/>\n<link rel=\"canonical\" href=\"https:\/\/profil-group.rs\/de\/testen-von-kandidaten\/\" \/>\n<meta property=\"og:locale\" content=\"de_DE\" \/>\n<meta property=\"og:type\" content=\"article\" \/>\n<meta property=\"og:title\" content=\"Testen von Kandidaten - Profil\" \/>\n<meta property=\"og:description\" content=\"[vc_row full_width=&#8220;stretch_row_content_no_spaces&#8220; css=&#8220;.vc_custom_1551090924624{margin-bottom: 0px !important;padding-top: 70px !important;}&#8220;][vc_column width=&#8220;1\/2&#8243; offset=&#8220;vc_col-lg-6 vc_col-md-6 vc_col-xs-12&#8243; el_class=&#8220;profil-slika-21&#8243;][vc_single_image image=&#8220;26708&#8243; img_size=&#8220;full&#8220; css=&#8220;.vc_custom_1551878306801{margin-bottom: 0px !important;padding-bottom: 0px !important;}&#8220;][\/vc_column][vc_column width=&#8220;1\/2&#8243; offset=&#8220;vc_col-lg-6 vc_col-md-6 vc_col-xs-12&#8243; css=&#8220;.vc_custom_1551273131073{padding-right: 100px !important;padding-left: 100px !important;}&#8220; el_class=&#8220;profil-slika-21&#8243;][vc_single_image image=&#8220;25321&#8243; img_size=&#8220;150X120&#8243; el_class=&#8220;slika-profil&#8220;][vc_column_text] Einsch\u00e4tzungen, Auswahl, Entwicklung [\/vc_column_text][vc_column_text] DAS TESTEN VON KANDIDATEN [\/vc_column_text][vc_column_text] BOJANA \u0110URI\u0106, SC.D. PROJEKTDIREKTOR Tel:\u00a0(00 381) 65 870 59 87 E-mail:\u00a0bojana.djuric@profil-group.rs \u00a0 [\/vc_column_text][\/vc_column][\/vc_row][vc_row full_width=&#8220;stretch_row&#8220; css=&#8220;.vc_custom_1551276680925{margin-bottom: 0px !important;padding-top: 50px !important;padding-bottom: 50px !important;background-color: #212331 !important;}&#8220; el_class=&#8220;padd-testiranje&#8220;][vc_column css=&#8220;.vc_custom_1551276655108{padding-right: 20px !important;padding-left: 20px !important;}&#8220;][vc_column_text css=&#8220;.vc_custom_1553864371571{padding-bottom: 30px !important;}&#8220;] Psychologische Einsch\u00e4tzungen oder das Assessment stellen jetzt einen unvermeidlichen Teil der Auswahl und der Entwicklung von Personal in Unternehmen und das ist nicht zuf\u00e4llig. Unsere Unternehmen kontaktieren gew\u00f6hnlich mit Anforderungen, wie: einsch\u00e4tzen, wie das Leaderpotential einer Person ist, was ist das, was gemacht werden sollte, damit die Verkaufsfertigkeiten von jemandem maximal entwickelt werden, was ist das, was gemacht werden sollte, damit die Kommunikationsfertigkeiten und die F\u00e4higkeiten zur Motivation von Besch\u00e4ftigten m\u00f6glichst sehr entwickelt werden und die Psychologie...\" \/>\n<meta property=\"og:url\" content=\"https:\/\/profil-group.rs\/de\/testen-von-kandidaten\/\" \/>\n<meta property=\"og:site_name\" content=\"Profil\" \/>\n<meta property=\"article:modified_time\" content=\"2019-10-21T13:25:27+00:00\" \/>\n<meta property=\"og:image\" content=\"https:\/\/profil-group.rs\/wp-content\/uploads\/2019\/02\/linkedin.jpg\" \/>\n<meta name=\"twitter:card\" content=\"summary_large_image\" \/>\n<meta name=\"twitter:label1\" content=\"Gesch\u00e4tzte Lesezeit\" \/>\n\t<meta name=\"twitter:data1\" content=\"4\u00a0Minuten\" \/>\n<script type=\"application\/ld+json\" class=\"yoast-schema-graph\">{\"@context\":\"https:\\\/\\\/schema.org\",\"@graph\":[{\"@type\":\"WebPage\",\"@id\":\"https:\\\/\\\/profil-group.rs\\\/de\\\/testen-von-kandidaten\\\/\",\"url\":\"https:\\\/\\\/profil-group.rs\\\/de\\\/testen-von-kandidaten\\\/\",\"name\":\"Testen von Kandidaten - Profil\",\"isPartOf\":{\"@id\":\"https:\\\/\\\/profil-group.rs\\\/#website\"},\"primaryImageOfPage\":{\"@id\":\"https:\\\/\\\/profil-group.rs\\\/de\\\/testen-von-kandidaten\\\/#primaryimage\"},\"image\":{\"@id\":\"https:\\\/\\\/profil-group.rs\\\/de\\\/testen-von-kandidaten\\\/#primaryimage\"},\"thumbnailUrl\":\"https:\\\/\\\/profil-group.rs\\\/wp-content\\\/uploads\\\/2019\\\/02\\\/linkedin.jpg\",\"datePublished\":\"2019-03-29T12:57:55+00:00\",\"dateModified\":\"2019-10-21T13:25:27+00:00\",\"breadcrumb\":{\"@id\":\"https:\\\/\\\/profil-group.rs\\\/de\\\/testen-von-kandidaten\\\/#breadcrumb\"},\"inLanguage\":\"de\",\"potentialAction\":[{\"@type\":\"ReadAction\",\"target\":[\"https:\\\/\\\/profil-group.rs\\\/de\\\/testen-von-kandidaten\\\/\"]}]},{\"@type\":\"ImageObject\",\"inLanguage\":\"de\",\"@id\":\"https:\\\/\\\/profil-group.rs\\\/de\\\/testen-von-kandidaten\\\/#primaryimage\",\"url\":\"https:\\\/\\\/profil-group.rs\\\/wp-content\\\/uploads\\\/2019\\\/02\\\/linkedin.jpg\",\"contentUrl\":\"https:\\\/\\\/profil-group.rs\\\/wp-content\\\/uploads\\\/2019\\\/02\\\/linkedin.jpg\"},{\"@type\":\"BreadcrumbList\",\"@id\":\"https:\\\/\\\/profil-group.rs\\\/de\\\/testen-von-kandidaten\\\/#breadcrumb\",\"itemListElement\":[{\"@type\":\"ListItem\",\"position\":1,\"name\":\"Home\",\"item\":\"https:\\\/\\\/profil-group.rs\\\/de\\\/\"},{\"@type\":\"ListItem\",\"position\":2,\"name\":\"Testen von Kandidaten\"}]},{\"@type\":\"WebSite\",\"@id\":\"https:\\\/\\\/profil-group.rs\\\/#website\",\"url\":\"https:\\\/\\\/profil-group.rs\\\/\",\"name\":\"Profil\",\"description\":\"\",\"publisher\":{\"@id\":\"https:\\\/\\\/profil-group.rs\\\/#organization\"},\"potentialAction\":[{\"@type\":\"SearchAction\",\"target\":{\"@type\":\"EntryPoint\",\"urlTemplate\":\"https:\\\/\\\/profil-group.rs\\\/?s={search_term_string}\"},\"query-input\":{\"@type\":\"PropertyValueSpecification\",\"valueRequired\":true,\"valueName\":\"search_term_string\"}}],\"inLanguage\":\"de\"},{\"@type\":\"Organization\",\"@id\":\"https:\\\/\\\/profil-group.rs\\\/#organization\",\"name\":\"Profil Group\",\"url\":\"https:\\\/\\\/profil-group.rs\\\/\",\"logo\":{\"@type\":\"ImageObject\",\"inLanguage\":\"de\",\"@id\":\"https:\\\/\\\/profil-group.rs\\\/#\\\/schema\\\/logo\\\/image\\\/\",\"url\":\"https:\\\/\\\/profil-group.rs\\\/wp-content\\\/uploads\\\/2019\\\/01\\\/Profil-logo-1.jpg\",\"contentUrl\":\"https:\\\/\\\/profil-group.rs\\\/wp-content\\\/uploads\\\/2019\\\/01\\\/Profil-logo-1.jpg\",\"width\":600,\"height\":410,\"caption\":\"Profil Group\"},\"image\":{\"@id\":\"https:\\\/\\\/profil-group.rs\\\/#\\\/schema\\\/logo\\\/image\\\/\"}}]}<\/script>\n<!-- \/ Yoast SEO plugin. -->","yoast_head_json":{"title":"Testen von Kandidaten - Profil","robots":{"index":"index","follow":"follow","max-snippet":"max-snippet:-1","max-image-preview":"max-image-preview:large","max-video-preview":"max-video-preview:-1"},"canonical":"https:\/\/profil-group.rs\/de\/testen-von-kandidaten\/","og_locale":"de_DE","og_type":"article","og_title":"Testen von Kandidaten - Profil","og_description":"[vc_row full_width=&#8220;stretch_row_content_no_spaces&#8220; css=&#8220;.vc_custom_1551090924624{margin-bottom: 0px !important;padding-top: 70px !important;}&#8220;][vc_column width=&#8220;1\/2&#8243; offset=&#8220;vc_col-lg-6 vc_col-md-6 vc_col-xs-12&#8243; el_class=&#8220;profil-slika-21&#8243;][vc_single_image image=&#8220;26708&#8243; img_size=&#8220;full&#8220; css=&#8220;.vc_custom_1551878306801{margin-bottom: 0px !important;padding-bottom: 0px !important;}&#8220;][\/vc_column][vc_column width=&#8220;1\/2&#8243; offset=&#8220;vc_col-lg-6 vc_col-md-6 vc_col-xs-12&#8243; css=&#8220;.vc_custom_1551273131073{padding-right: 100px !important;padding-left: 100px !important;}&#8220; el_class=&#8220;profil-slika-21&#8243;][vc_single_image image=&#8220;25321&#8243; img_size=&#8220;150X120&#8243; el_class=&#8220;slika-profil&#8220;][vc_column_text] Einsch\u00e4tzungen, Auswahl, Entwicklung [\/vc_column_text][vc_column_text] DAS TESTEN VON KANDIDATEN [\/vc_column_text][vc_column_text] BOJANA \u0110URI\u0106, SC.D. PROJEKTDIREKTOR Tel:\u00a0(00 381) 65 870 59 87 E-mail:\u00a0bojana.djuric@profil-group.rs \u00a0 [\/vc_column_text][\/vc_column][\/vc_row][vc_row full_width=&#8220;stretch_row&#8220; css=&#8220;.vc_custom_1551276680925{margin-bottom: 0px !important;padding-top: 50px !important;padding-bottom: 50px !important;background-color: #212331 !important;}&#8220; el_class=&#8220;padd-testiranje&#8220;][vc_column css=&#8220;.vc_custom_1551276655108{padding-right: 20px !important;padding-left: 20px !important;}&#8220;][vc_column_text css=&#8220;.vc_custom_1553864371571{padding-bottom: 30px !important;}&#8220;] Psychologische Einsch\u00e4tzungen oder das Assessment stellen jetzt einen unvermeidlichen Teil der Auswahl und der Entwicklung von Personal in Unternehmen und das ist nicht zuf\u00e4llig. Unsere Unternehmen kontaktieren gew\u00f6hnlich mit Anforderungen, wie: einsch\u00e4tzen, wie das Leaderpotential einer Person ist, was ist das, was gemacht werden sollte, damit die Verkaufsfertigkeiten von jemandem maximal entwickelt werden, was ist das, was gemacht werden sollte, damit die Kommunikationsfertigkeiten und die F\u00e4higkeiten zur Motivation von Besch\u00e4ftigten m\u00f6glichst sehr entwickelt werden und die Psychologie...","og_url":"https:\/\/profil-group.rs\/de\/testen-von-kandidaten\/","og_site_name":"Profil","article_modified_time":"2019-10-21T13:25:27+00:00","og_image":[{"url":"https:\/\/profil-group.rs\/wp-content\/uploads\/2019\/02\/linkedin.jpg","type":"","width":"","height":""}],"twitter_card":"summary_large_image","twitter_misc":{"Gesch\u00e4tzte Lesezeit":"4\u00a0Minuten"},"schema":{"@context":"https:\/\/schema.org","@graph":[{"@type":"WebPage","@id":"https:\/\/profil-group.rs\/de\/testen-von-kandidaten\/","url":"https:\/\/profil-group.rs\/de\/testen-von-kandidaten\/","name":"Testen von Kandidaten - Profil","isPartOf":{"@id":"https:\/\/profil-group.rs\/#website"},"primaryImageOfPage":{"@id":"https:\/\/profil-group.rs\/de\/testen-von-kandidaten\/#primaryimage"},"image":{"@id":"https:\/\/profil-group.rs\/de\/testen-von-kandidaten\/#primaryimage"},"thumbnailUrl":"https:\/\/profil-group.rs\/wp-content\/uploads\/2019\/02\/linkedin.jpg","datePublished":"2019-03-29T12:57:55+00:00","dateModified":"2019-10-21T13:25:27+00:00","breadcrumb":{"@id":"https:\/\/profil-group.rs\/de\/testen-von-kandidaten\/#breadcrumb"},"inLanguage":"de","potentialAction":[{"@type":"ReadAction","target":["https:\/\/profil-group.rs\/de\/testen-von-kandidaten\/"]}]},{"@type":"ImageObject","inLanguage":"de","@id":"https:\/\/profil-group.rs\/de\/testen-von-kandidaten\/#primaryimage","url":"https:\/\/profil-group.rs\/wp-content\/uploads\/2019\/02\/linkedin.jpg","contentUrl":"https:\/\/profil-group.rs\/wp-content\/uploads\/2019\/02\/linkedin.jpg"},{"@type":"BreadcrumbList","@id":"https:\/\/profil-group.rs\/de\/testen-von-kandidaten\/#breadcrumb","itemListElement":[{"@type":"ListItem","position":1,"name":"Home","item":"https:\/\/profil-group.rs\/de\/"},{"@type":"ListItem","position":2,"name":"Testen von Kandidaten"}]},{"@type":"WebSite","@id":"https:\/\/profil-group.rs\/#website","url":"https:\/\/profil-group.rs\/","name":"Profil","description":"","publisher":{"@id":"https:\/\/profil-group.rs\/#organization"},"potentialAction":[{"@type":"SearchAction","target":{"@type":"EntryPoint","urlTemplate":"https:\/\/profil-group.rs\/?s={search_term_string}"},"query-input":{"@type":"PropertyValueSpecification","valueRequired":true,"valueName":"search_term_string"}}],"inLanguage":"de"},{"@type":"Organization","@id":"https:\/\/profil-group.rs\/#organization","name":"Profil Group","url":"https:\/\/profil-group.rs\/","logo":{"@type":"ImageObject","inLanguage":"de","@id":"https:\/\/profil-group.rs\/#\/schema\/logo\/image\/","url":"https:\/\/profil-group.rs\/wp-content\/uploads\/2019\/01\/Profil-logo-1.jpg","contentUrl":"https:\/\/profil-group.rs\/wp-content\/uploads\/2019\/01\/Profil-logo-1.jpg","width":600,"height":410,"caption":"Profil Group"},"image":{"@id":"https:\/\/profil-group.rs\/#\/schema\/logo\/image\/"}}]}},"_links":{"self":[{"href":"https:\/\/profil-group.rs\/de\/wp-json\/wp\/v2\/pages\/26054","targetHints":{"allow":["GET"]}}],"collection":[{"href":"https:\/\/profil-group.rs\/de\/wp-json\/wp\/v2\/pages"}],"about":[{"href":"https:\/\/profil-group.rs\/de\/wp-json\/wp\/v2\/types\/page"}],"author":[{"embeddable":true,"href":"https:\/\/profil-group.rs\/de\/wp-json\/wp\/v2\/users\/1"}],"replies":[{"embeddable":true,"href":"https:\/\/profil-group.rs\/de\/wp-json\/wp\/v2\/comments?post=26054"}],"version-history":[{"count":3,"href":"https:\/\/profil-group.rs\/de\/wp-json\/wp\/v2\/pages\/26054\/revisions"}],"predecessor-version":[{"id":26756,"href":"https:\/\/profil-group.rs\/de\/wp-json\/wp\/v2\/pages\/26054\/revisions\/26756"}],"wp:attachment":[{"href":"https:\/\/profil-group.rs\/de\/wp-json\/wp\/v2\/media?parent=26054"}],"curies":[{"name":"wp","href":"https:\/\/api.w.org\/{rel}","templated":true}]}}