{"id":26065,"date":"2019-03-29T13:20:06","date_gmt":"2019-03-29T13:20:06","guid":{"rendered":"https:\/\/profil.avokado.ninja\/?page_id=26065"},"modified":"2020-07-16T10:58:31","modified_gmt":"2020-07-16T10:58:31","slug":"training-und-entwicklung","status":"publish","type":"page","link":"https:\/\/profil-group.rs\/de\/training-und-entwicklung\/","title":{"rendered":"Training und Entwicklung"},"content":{"rendered":"<p>[vc_row full_width=&#8220;stretch_row_content_no_spaces&#8220; css=&#8220;.vc_custom_1551090924624{margin-bottom: 0px !important;padding-top: 70px !important;}&#8220;][vc_column width=&#8220;1\/2&#8243; offset=&#8220;vc_col-lg-6 vc_col-md-6 vc_col-xs-12&#8243; el_class=&#8220;profil-slika-21&#8243;][vc_single_image image=&#8220;26708&#8243; img_size=&#8220;full&#8220; css=&#8220;.vc_custom_1551878215887{margin-bottom: 0px !important;padding-bottom: 0px !important;}&#8220;][\/vc_column][vc_column width=&#8220;1\/2&#8243; offset=&#8220;vc_col-lg-6 vc_col-md-6 vc_col-xs-12&#8243; css=&#8220;.vc_custom_1551273422313{padding-right: 100px !important;padding-left: 100px !important;}&#8220; el_class=&#8220;profil-slika-21&#8243;][vc_single_image image=&#8220;25312&#8243; img_size=&#8220;150X120&#8243; el_class=&#8220;slika-profil&#8220;][vc_column_text]<\/p>\n<h5><span style=\"color: #282d3c; font-style: italic; text-transform: none;\">Consulting, Training, Coaching<\/span><\/h5>\n<p>[\/vc_column_text]<div class=\"clearboth\"><\/div><div class=\"gem-divider \" style=\"margin-top: -20px;\"><\/div>[vc_column_text]<\/p>\n<h1 style=\"line-height: 35px;\"><span style=\"color: #c18f59; font-size: 30px;\">Das TRAINING UND DIE ENTWICKLUNG<\/span><\/h1>\n<p>[\/vc_column_text]<div class=\"clearboth\"><\/div><div class=\"gem-divider \" style=\"margin-top: 20px;\"><\/div>[vc_column_text]<\/p>\n<div class=\"wpb_text_column wpb_content_element \">\n<div class=\"wpb_wrapper\">\n<h5 style=\"font-size: 15px; line-height: 20px;\"><span class=\"light\">BOJANA \u0110URI\u0106, SC.D.<br \/>\n<\/span>PROJEKTDIREKTOR<\/h5>\n<\/div>\n<\/div>\n<div class=\"wpb_text_column wpb_content_element \">\n<div class=\"wpb_wrapper\">\n<p>Tel:\u00a0<a href=\"tel:+381658705987\">(00 381) 65 870 59 87<\/a><br \/>\nE-mail:\u00a0<a href=\"mailto:bojana.djuric@profil-group.rs\"><u>bojana.djuric@profil-group.rs<\/u><\/a><\/p>\n<p><a href=\"https:\/\/www.linkedin.com\/in\/bojana-djuric-63a0bb43\/\" target=\"_blank\" rel=\"noopener noreferrer\"><img loading=\"lazy\" decoding=\"async\" class=\"alignnone wp-image-25869\" src=\"https:\/\/profil-group.rs\/wp-content\/uploads\/2019\/02\/linkedin.jpg\" alt=\"\" width=\"23\" height=\"23\" \/><\/a> \u00a0 <a href=\"skype:bojana.djuric?chat\"><img loading=\"lazy\" decoding=\"async\" class=\"alignnone wp-image-25866 \" src=\"https:\/\/profil-group.rs\/wp-content\/uploads\/2019\/02\/skype.jpg\" alt=\"\" width=\"23\" height=\"23\" \/><\/a><\/div>\n<\/div>\n<p>[\/vc_column_text]<div class=\"clearboth\"><\/div><div class=\"gem-divider \" style=\"margin-top: 50px;\"><\/div>[\/vc_column][\/vc_row][vc_row full_width=&#8220;stretch_row&#8220; css=&#8220;.vc_custom_1551091153342{margin-bottom: 0px !important;padding-top: 50px !important;padding-bottom: 50px !important;background-color: #212331 !important;}&#8220;][vc_column][vc_column_text css=&#8220;.vc_custom_1553865663715{padding-bottom: 30px !important;}&#8220;]<\/p>\n<p style=\"text-align: center;\"><span style=\"color: #ffffff;\">Durch einen einzigartigen Zugang verbessern wir Kenntnisse, Fertigkeiten und Verhaltensweisen von Angestellten, die bessere Resultate bringen, die Zufriedenheit der Besch\u00e4ftigten erh\u00f6hen und das Arbeitsumfeld angenehmer machen. Unseren Kunden ist es wichtig, dass die Entwicklungsprogramme ihre Zeit, das Geld und die Ressourcen sparen, aber auch L\u00e4cheln auf die Gesichter ihrer Manager und Angestellter zur\u00fcckbringen!<br \/>\n<\/span><\/p>\n<p>[\/vc_column_text][\/vc_column][\/vc_row][vc_row css=&#8220;.vc_custom_1551170549849{margin-bottom: 0px !important;padding-bottom: 0px !important;}&#8220;][vc_column width=&#8220;1\/2&#8243; el_class=&#8220;profil-slika-21&#8243;][vc_empty_space height=&#8220;150px&#8220; el_class=&#8220;profil-4&#8243;][vc_tta_accordion style=&#8220;simple_solid&#8220; c_icon=&#8220;solid_squared&#8220; active_section=&#8220;1&#8243; el_class=&#8220;law-accordion&#8220;][vc_tta_section title=&#8220;HOHE QUALIT\u00c4T UND LOKALES KNOW-HOW&#8220; tab_id=&#8220;qualitat&#8220;][vc_column_text]<span style=\"color: #7a7a7a;\">Alle unseren Entwicklungsprogramme sind das Ergebnis der Arbeit einer gro\u00dfen Anzahl von Mitarbeitern mit verschiedener Expertise, einschlie\u00dflich von Psychologen, Soziologen, Trainern, Coaches, HR und Businessberatern aus der gesamten Region.<br \/>\nViele dieser Programme wurden jahrelang entwickelt, aufgrund zahlreicher Forschungen in verschiedenen Bereichen und Sektoren, was die v\u00f6llige Anpassung an die Bed\u00fcrfnisse der lokalen M\u00e4rkte erm\u00f6glicht hat.<\/span><\/p>\n<p>[\/vc_column_text][\/vc_tta_section][vc_tta_section title=&#8220;INNOVATIVER ZUGANG BEI DER ERSTELLUNG VON ENTWICKLUNGSPROGRAMMEN&#8220; tab_id=&#8220;innovativer&#8220;][vc_column_text]<span style=\"color: #7a7a7a;\">\u25a0 Der Lern- und Entwicklungsprozess ist auf modernsten Methoden und Techniken, die das Ergebnis mehrj\u00e4hriger Forschungen sind<br \/>\n\u25a0 Die einzigartige Kombination von traditioneller Ausbildung, Technologie und Aktivit\u00e4t nach der auf individuellem, Team- und Gruppencoaching basierten Ausbildung<br \/>\n\u25a0 Das Profil verwendet schon mehr als 20 Jahre lang Online-Plattformen bei der Vorbereitung und der Realisierung verschiedener Programme zur Einsch\u00e4tzung und Entwicklung von Besch\u00e4ftigten<br \/>\n<\/span>[\/vc_column_text][\/vc_tta_section][vc_tta_section title=&#8220;NEUE, MODERNE AUSBILDUNGSWEISE&#8220; tab_id=&#8220;ausbildungsweise&#8220;][vc_column_text]<span style=\"color: #7a7a7a;\">\u25a0 Vor der Schulung f\u00fcllen die Teilnehmer Online-Fragebogen aus, die ihre v\u00f6llige Inklusion w\u00e4hrend der Schulung sowie eine zus\u00e4tzliche Anpassung der Inhalte und der Methodologie gew\u00e4hrleisten.<br \/>\n\u25a0 Besonders erstellte \u00dcbungen, die das Lernen aufgrund von Erfahrungen noch w\u00e4hrend der Schulung erm\u00f6glichen.<br \/>\n\u25a0 Die Schulung leiten gew\u00f6hnlich zwei Trainer, einer mit einer reichen Praxiserfahrung in der Leitung und der Entwicklung von Angestellten und Organisationen und der zweite mit einer Expertise im Psychologiebereich.<br \/>\n<\/span>[\/vc_column_text][\/vc_tta_section][\/vc_tta_accordion][\/vc_column][vc_column width=&#8220;1\/2&#8243; el_class=&#8220;profil-slika-21&#8243;][vc_single_image image=&#8220;26967&#8243; img_size=&#8220;full&#8220; alignment=&#8220;center&#8220; css=&#8220;.vc_custom_1594897105822{margin-bottom: 0px !important;padding-bottom: 0px !important;}&#8220;][\/vc_column][\/vc_row][vc_row full_width=&#8220;stretch_row&#8220; equal_height=&#8220;yes&#8220; content_placement=&#8220;middle&#8220; css=&#8220;.vc_custom_1551258432595{margin-bottom: 0px !important;padding-top: 150px !important;padding-bottom: 100px !important;background-color: #1a1c28 !important;background-position: 0 0 !important;background-repeat: no-repeat !important;}&#8220; el_class=&#8220;law-paralaxbg&#8220;][vc_column css=&#8220;.vc_custom_1471006434388{margin-top: 0px !important;padding-top: 0px !important;}&#8220;][vc_column_text el_class=&#8220;video-yt&#8220;]<iframe loading=\"lazy\" src=\"https:\/\/www.youtube-nocookie.com\/embed\/eEHBNEloJFA\" width=\"100%\" height=\"500\" frameborder=\"0\" allowfullscreen=\"allowfullscreen\"><span data-mce-type=\"bookmark\" style=\"display: inline-block; width: 0px; overflow: hidden; line-height: 0;\" class=\"mce_SELRES_start\">\ufeff<\/span><\/iframe>[\/vc_column_text][\/vc_column][\/vc_row]<\/p>\n","protected":false},"excerpt":{"rendered":"<p>[vc_row full_width=&#8220;stretch_row_content_no_spaces&#8220; css=&#8220;.vc_custom_1551090924624{margin-bottom: 0px !important;padding-top: 70px !important;}&#8220;][vc_column width=&#8220;1\/2&#8243; offset=&#8220;vc_col-lg-6 vc_col-md-6 vc_col-xs-12&#8243; el_class=&#8220;profil-slika-21&#8243;][vc_single_image image=&#8220;26708&#8243; img_size=&#8220;full&#8220; css=&#8220;.vc_custom_1551878215887{margin-bottom: 0px !important;padding-bottom: 0px !important;}&#8220;][\/vc_column][vc_column width=&#8220;1\/2&#8243; offset=&#8220;vc_col-lg-6 vc_col-md-6 vc_col-xs-12&#8243; css=&#8220;.vc_custom_1551273422313{padding-right: 100px !important;padding-left: 100px !important;}&#8220; el_class=&#8220;profil-slika-21&#8243;][vc_single_image image=&#8220;25312&#8243; img_size=&#8220;150X120&#8243; el_class=&#8220;slika-profil&#8220;][vc_column_text] Consulting, Training, Coaching [\/vc_column_text][vc_column_text] Das TRAINING UND DIE ENTWICKLUNG [\/vc_column_text][vc_column_text] BOJANA \u0110URI\u0106, SC.D. PROJEKTDIREKTOR Tel:\u00a0(00 381) 65 870 59 87 E-mail:\u00a0bojana.djuric@profil-group.rs \u00a0 [\/vc_column_text][\/vc_column][\/vc_row][vc_row full_width=&#8220;stretch_row&#8220; css=&#8220;.vc_custom_1551091153342{margin-bottom: 0px !important;padding-top: 50px !important;padding-bottom: 50px !important;background-color: #212331 !important;}&#8220;][vc_column][vc_column_text css=&#8220;.vc_custom_1553865663715{padding-bottom: 30px !important;}&#8220;] Durch einen einzigartigen Zugang verbessern wir Kenntnisse, Fertigkeiten und Verhaltensweisen von Angestellten, die bessere Resultate bringen, die Zufriedenheit der Besch\u00e4ftigten erh\u00f6hen und das Arbeitsumfeld angenehmer machen. Unseren Kunden ist es wichtig, dass die Entwicklungsprogramme ihre Zeit, das Geld und die Ressourcen sparen, aber auch L\u00e4cheln auf die Gesichter ihrer Manager und Angestellter zur\u00fcckbringen! [\/vc_column_text][\/vc_column][\/vc_row][vc_row css=&#8220;.vc_custom_1551170549849{margin-bottom: 0px !important;padding-bottom: 0px !important;}&#8220;][vc_column width=&#8220;1\/2&#8243; el_class=&#8220;profil-slika-21&#8243;][vc_empty_space height=&#8220;150px&#8220; el_class=&#8220;profil-4&#8243;][vc_tta_accordion style=&#8220;simple_solid&#8220; c_icon=&#8220;solid_squared&#8220; active_section=&#8220;1&#8243; el_class=&#8220;law-accordion&#8220;][vc_tta_section title=&#8220;HOHE QUALIT\u00c4T UND LOKALES KNOW-HOW&#8220; tab_id=&#8220;qualitat&#8220;][vc_column_text]Alle unseren Entwicklungsprogramme sind das Ergebnis der Arbeit einer gro\u00dfen&#8230;<\/p>\n","protected":false},"author":1,"featured_media":0,"parent":0,"menu_order":0,"comment_status":"closed","ping_status":"closed","template":"","meta":{"footnotes":""},"class_list":["post-26065","page","type-page","status-publish"],"yoast_head":"<!-- This site is optimized with the Yoast SEO plugin v27.5 - https:\/\/yoast.com\/product\/yoast-seo-wordpress\/ -->\n<title>Training und Entwicklung - Profil<\/title>\n<meta name=\"robots\" content=\"index, follow, max-snippet:-1, max-image-preview:large, max-video-preview:-1\" \/>\n<link rel=\"canonical\" href=\"https:\/\/profil-group.rs\/de\/training-und-entwicklung\/\" \/>\n<meta property=\"og:locale\" content=\"de_DE\" \/>\n<meta property=\"og:type\" content=\"article\" \/>\n<meta property=\"og:title\" content=\"Training und Entwicklung - Profil\" \/>\n<meta property=\"og:description\" content=\"[vc_row full_width=&#8220;stretch_row_content_no_spaces&#8220; css=&#8220;.vc_custom_1551090924624{margin-bottom: 0px !important;padding-top: 70px !important;}&#8220;][vc_column width=&#8220;1\/2&#8243; offset=&#8220;vc_col-lg-6 vc_col-md-6 vc_col-xs-12&#8243; el_class=&#8220;profil-slika-21&#8243;][vc_single_image image=&#8220;26708&#8243; img_size=&#8220;full&#8220; css=&#8220;.vc_custom_1551878215887{margin-bottom: 0px !important;padding-bottom: 0px !important;}&#8220;][\/vc_column][vc_column width=&#8220;1\/2&#8243; offset=&#8220;vc_col-lg-6 vc_col-md-6 vc_col-xs-12&#8243; css=&#8220;.vc_custom_1551273422313{padding-right: 100px !important;padding-left: 100px !important;}&#8220; el_class=&#8220;profil-slika-21&#8243;][vc_single_image image=&#8220;25312&#8243; img_size=&#8220;150X120&#8243; el_class=&#8220;slika-profil&#8220;][vc_column_text] Consulting, Training, Coaching [\/vc_column_text][vc_column_text] Das TRAINING UND DIE ENTWICKLUNG [\/vc_column_text][vc_column_text] BOJANA \u0110URI\u0106, SC.D. PROJEKTDIREKTOR Tel:\u00a0(00 381) 65 870 59 87 E-mail:\u00a0bojana.djuric@profil-group.rs \u00a0 [\/vc_column_text][\/vc_column][\/vc_row][vc_row full_width=&#8220;stretch_row&#8220; css=&#8220;.vc_custom_1551091153342{margin-bottom: 0px !important;padding-top: 50px !important;padding-bottom: 50px !important;background-color: #212331 !important;}&#8220;][vc_column][vc_column_text css=&#8220;.vc_custom_1553865663715{padding-bottom: 30px !important;}&#8220;] Durch einen einzigartigen Zugang verbessern wir Kenntnisse, Fertigkeiten und Verhaltensweisen von Angestellten, die bessere Resultate bringen, die Zufriedenheit der Besch\u00e4ftigten erh\u00f6hen und das Arbeitsumfeld angenehmer machen. Unseren Kunden ist es wichtig, dass die Entwicklungsprogramme ihre Zeit, das Geld und die Ressourcen sparen, aber auch L\u00e4cheln auf die Gesichter ihrer Manager und Angestellter zur\u00fcckbringen! [\/vc_column_text][\/vc_column][\/vc_row][vc_row css=&#8220;.vc_custom_1551170549849{margin-bottom: 0px !important;padding-bottom: 0px !important;}&#8220;][vc_column width=&#8220;1\/2&#8243; el_class=&#8220;profil-slika-21&#8243;][vc_empty_space height=&#8220;150px&#8220; el_class=&#8220;profil-4&#8243;][vc_tta_accordion style=&#8220;simple_solid&#8220; c_icon=&#8220;solid_squared&#8220; active_section=&#8220;1&#8243; el_class=&#8220;law-accordion&#8220;][vc_tta_section title=&#8220;HOHE QUALIT\u00c4T UND LOKALES KNOW-HOW&#8220; tab_id=&#8220;qualitat&#8220;][vc_column_text]Alle unseren Entwicklungsprogramme sind das Ergebnis der Arbeit einer gro\u00dfen...\" \/>\n<meta property=\"og:url\" content=\"https:\/\/profil-group.rs\/de\/training-und-entwicklung\/\" \/>\n<meta property=\"og:site_name\" content=\"Profil\" \/>\n<meta property=\"article:modified_time\" content=\"2020-07-16T10:58:31+00:00\" \/>\n<meta property=\"og:image\" content=\"https:\/\/profil-group.rs\/wp-content\/uploads\/2019\/02\/linkedin.jpg\" \/>\n<meta name=\"twitter:card\" content=\"summary_large_image\" \/>\n<meta name=\"twitter:label1\" content=\"Gesch\u00e4tzte Lesezeit\" \/>\n\t<meta name=\"twitter:data1\" content=\"3\u00a0Minuten\" \/>\n<script type=\"application\/ld+json\" class=\"yoast-schema-graph\">{\"@context\":\"https:\\\/\\\/schema.org\",\"@graph\":[{\"@type\":\"WebPage\",\"@id\":\"https:\\\/\\\/profil-group.rs\\\/de\\\/training-und-entwicklung\\\/\",\"url\":\"https:\\\/\\\/profil-group.rs\\\/de\\\/training-und-entwicklung\\\/\",\"name\":\"Training und Entwicklung - Profil\",\"isPartOf\":{\"@id\":\"https:\\\/\\\/profil-group.rs\\\/#website\"},\"primaryImageOfPage\":{\"@id\":\"https:\\\/\\\/profil-group.rs\\\/de\\\/training-und-entwicklung\\\/#primaryimage\"},\"image\":{\"@id\":\"https:\\\/\\\/profil-group.rs\\\/de\\\/training-und-entwicklung\\\/#primaryimage\"},\"thumbnailUrl\":\"https:\\\/\\\/profil-group.rs\\\/wp-content\\\/uploads\\\/2019\\\/02\\\/linkedin.jpg\",\"datePublished\":\"2019-03-29T13:20:06+00:00\",\"dateModified\":\"2020-07-16T10:58:31+00:00\",\"breadcrumb\":{\"@id\":\"https:\\\/\\\/profil-group.rs\\\/de\\\/training-und-entwicklung\\\/#breadcrumb\"},\"inLanguage\":\"de\",\"potentialAction\":[{\"@type\":\"ReadAction\",\"target\":[\"https:\\\/\\\/profil-group.rs\\\/de\\\/training-und-entwicklung\\\/\"]}]},{\"@type\":\"ImageObject\",\"inLanguage\":\"de\",\"@id\":\"https:\\\/\\\/profil-group.rs\\\/de\\\/training-und-entwicklung\\\/#primaryimage\",\"url\":\"https:\\\/\\\/profil-group.rs\\\/wp-content\\\/uploads\\\/2019\\\/02\\\/linkedin.jpg\",\"contentUrl\":\"https:\\\/\\\/profil-group.rs\\\/wp-content\\\/uploads\\\/2019\\\/02\\\/linkedin.jpg\"},{\"@type\":\"BreadcrumbList\",\"@id\":\"https:\\\/\\\/profil-group.rs\\\/de\\\/training-und-entwicklung\\\/#breadcrumb\",\"itemListElement\":[{\"@type\":\"ListItem\",\"position\":1,\"name\":\"Home\",\"item\":\"https:\\\/\\\/profil-group.rs\\\/de\\\/\"},{\"@type\":\"ListItem\",\"position\":2,\"name\":\"Training und Entwicklung\"}]},{\"@type\":\"WebSite\",\"@id\":\"https:\\\/\\\/profil-group.rs\\\/#website\",\"url\":\"https:\\\/\\\/profil-group.rs\\\/\",\"name\":\"Profil\",\"description\":\"\",\"publisher\":{\"@id\":\"https:\\\/\\\/profil-group.rs\\\/#organization\"},\"potentialAction\":[{\"@type\":\"SearchAction\",\"target\":{\"@type\":\"EntryPoint\",\"urlTemplate\":\"https:\\\/\\\/profil-group.rs\\\/?s={search_term_string}\"},\"query-input\":{\"@type\":\"PropertyValueSpecification\",\"valueRequired\":true,\"valueName\":\"search_term_string\"}}],\"inLanguage\":\"de\"},{\"@type\":\"Organization\",\"@id\":\"https:\\\/\\\/profil-group.rs\\\/#organization\",\"name\":\"Profil Group\",\"url\":\"https:\\\/\\\/profil-group.rs\\\/\",\"logo\":{\"@type\":\"ImageObject\",\"inLanguage\":\"de\",\"@id\":\"https:\\\/\\\/profil-group.rs\\\/#\\\/schema\\\/logo\\\/image\\\/\",\"url\":\"https:\\\/\\\/profil-group.rs\\\/wp-content\\\/uploads\\\/2019\\\/01\\\/Profil-logo-1.jpg\",\"contentUrl\":\"https:\\\/\\\/profil-group.rs\\\/wp-content\\\/uploads\\\/2019\\\/01\\\/Profil-logo-1.jpg\",\"width\":600,\"height\":410,\"caption\":\"Profil Group\"},\"image\":{\"@id\":\"https:\\\/\\\/profil-group.rs\\\/#\\\/schema\\\/logo\\\/image\\\/\"}}]}<\/script>\n<!-- \/ Yoast SEO plugin. -->","yoast_head_json":{"title":"Training und Entwicklung - Profil","robots":{"index":"index","follow":"follow","max-snippet":"max-snippet:-1","max-image-preview":"max-image-preview:large","max-video-preview":"max-video-preview:-1"},"canonical":"https:\/\/profil-group.rs\/de\/training-und-entwicklung\/","og_locale":"de_DE","og_type":"article","og_title":"Training und Entwicklung - Profil","og_description":"[vc_row full_width=&#8220;stretch_row_content_no_spaces&#8220; css=&#8220;.vc_custom_1551090924624{margin-bottom: 0px !important;padding-top: 70px !important;}&#8220;][vc_column width=&#8220;1\/2&#8243; offset=&#8220;vc_col-lg-6 vc_col-md-6 vc_col-xs-12&#8243; el_class=&#8220;profil-slika-21&#8243;][vc_single_image image=&#8220;26708&#8243; img_size=&#8220;full&#8220; css=&#8220;.vc_custom_1551878215887{margin-bottom: 0px !important;padding-bottom: 0px !important;}&#8220;][\/vc_column][vc_column width=&#8220;1\/2&#8243; offset=&#8220;vc_col-lg-6 vc_col-md-6 vc_col-xs-12&#8243; css=&#8220;.vc_custom_1551273422313{padding-right: 100px !important;padding-left: 100px !important;}&#8220; el_class=&#8220;profil-slika-21&#8243;][vc_single_image image=&#8220;25312&#8243; img_size=&#8220;150X120&#8243; el_class=&#8220;slika-profil&#8220;][vc_column_text] Consulting, Training, Coaching [\/vc_column_text][vc_column_text] Das TRAINING UND DIE ENTWICKLUNG [\/vc_column_text][vc_column_text] BOJANA \u0110URI\u0106, SC.D. PROJEKTDIREKTOR Tel:\u00a0(00 381) 65 870 59 87 E-mail:\u00a0bojana.djuric@profil-group.rs \u00a0 [\/vc_column_text][\/vc_column][\/vc_row][vc_row full_width=&#8220;stretch_row&#8220; css=&#8220;.vc_custom_1551091153342{margin-bottom: 0px !important;padding-top: 50px !important;padding-bottom: 50px !important;background-color: #212331 !important;}&#8220;][vc_column][vc_column_text css=&#8220;.vc_custom_1553865663715{padding-bottom: 30px !important;}&#8220;] Durch einen einzigartigen Zugang verbessern wir Kenntnisse, Fertigkeiten und Verhaltensweisen von Angestellten, die bessere Resultate bringen, die Zufriedenheit der Besch\u00e4ftigten erh\u00f6hen und das Arbeitsumfeld angenehmer machen. Unseren Kunden ist es wichtig, dass die Entwicklungsprogramme ihre Zeit, das Geld und die Ressourcen sparen, aber auch L\u00e4cheln auf die Gesichter ihrer Manager und Angestellter zur\u00fcckbringen! [\/vc_column_text][\/vc_column][\/vc_row][vc_row css=&#8220;.vc_custom_1551170549849{margin-bottom: 0px !important;padding-bottom: 0px !important;}&#8220;][vc_column width=&#8220;1\/2&#8243; el_class=&#8220;profil-slika-21&#8243;][vc_empty_space height=&#8220;150px&#8220; el_class=&#8220;profil-4&#8243;][vc_tta_accordion style=&#8220;simple_solid&#8220; c_icon=&#8220;solid_squared&#8220; active_section=&#8220;1&#8243; el_class=&#8220;law-accordion&#8220;][vc_tta_section title=&#8220;HOHE QUALIT\u00c4T UND LOKALES KNOW-HOW&#8220; tab_id=&#8220;qualitat&#8220;][vc_column_text]Alle unseren Entwicklungsprogramme sind das Ergebnis der Arbeit einer gro\u00dfen...","og_url":"https:\/\/profil-group.rs\/de\/training-und-entwicklung\/","og_site_name":"Profil","article_modified_time":"2020-07-16T10:58:31+00:00","og_image":[{"url":"https:\/\/profil-group.rs\/wp-content\/uploads\/2019\/02\/linkedin.jpg","type":"","width":"","height":""}],"twitter_card":"summary_large_image","twitter_misc":{"Gesch\u00e4tzte Lesezeit":"3\u00a0Minuten"},"schema":{"@context":"https:\/\/schema.org","@graph":[{"@type":"WebPage","@id":"https:\/\/profil-group.rs\/de\/training-und-entwicklung\/","url":"https:\/\/profil-group.rs\/de\/training-und-entwicklung\/","name":"Training und Entwicklung - Profil","isPartOf":{"@id":"https:\/\/profil-group.rs\/#website"},"primaryImageOfPage":{"@id":"https:\/\/profil-group.rs\/de\/training-und-entwicklung\/#primaryimage"},"image":{"@id":"https:\/\/profil-group.rs\/de\/training-und-entwicklung\/#primaryimage"},"thumbnailUrl":"https:\/\/profil-group.rs\/wp-content\/uploads\/2019\/02\/linkedin.jpg","datePublished":"2019-03-29T13:20:06+00:00","dateModified":"2020-07-16T10:58:31+00:00","breadcrumb":{"@id":"https:\/\/profil-group.rs\/de\/training-und-entwicklung\/#breadcrumb"},"inLanguage":"de","potentialAction":[{"@type":"ReadAction","target":["https:\/\/profil-group.rs\/de\/training-und-entwicklung\/"]}]},{"@type":"ImageObject","inLanguage":"de","@id":"https:\/\/profil-group.rs\/de\/training-und-entwicklung\/#primaryimage","url":"https:\/\/profil-group.rs\/wp-content\/uploads\/2019\/02\/linkedin.jpg","contentUrl":"https:\/\/profil-group.rs\/wp-content\/uploads\/2019\/02\/linkedin.jpg"},{"@type":"BreadcrumbList","@id":"https:\/\/profil-group.rs\/de\/training-und-entwicklung\/#breadcrumb","itemListElement":[{"@type":"ListItem","position":1,"name":"Home","item":"https:\/\/profil-group.rs\/de\/"},{"@type":"ListItem","position":2,"name":"Training und Entwicklung"}]},{"@type":"WebSite","@id":"https:\/\/profil-group.rs\/#website","url":"https:\/\/profil-group.rs\/","name":"Profil","description":"","publisher":{"@id":"https:\/\/profil-group.rs\/#organization"},"potentialAction":[{"@type":"SearchAction","target":{"@type":"EntryPoint","urlTemplate":"https:\/\/profil-group.rs\/?s={search_term_string}"},"query-input":{"@type":"PropertyValueSpecification","valueRequired":true,"valueName":"search_term_string"}}],"inLanguage":"de"},{"@type":"Organization","@id":"https:\/\/profil-group.rs\/#organization","name":"Profil Group","url":"https:\/\/profil-group.rs\/","logo":{"@type":"ImageObject","inLanguage":"de","@id":"https:\/\/profil-group.rs\/#\/schema\/logo\/image\/","url":"https:\/\/profil-group.rs\/wp-content\/uploads\/2019\/01\/Profil-logo-1.jpg","contentUrl":"https:\/\/profil-group.rs\/wp-content\/uploads\/2019\/01\/Profil-logo-1.jpg","width":600,"height":410,"caption":"Profil Group"},"image":{"@id":"https:\/\/profil-group.rs\/#\/schema\/logo\/image\/"}}]}},"_links":{"self":[{"href":"https:\/\/profil-group.rs\/de\/wp-json\/wp\/v2\/pages\/26065","targetHints":{"allow":["GET"]}}],"collection":[{"href":"https:\/\/profil-group.rs\/de\/wp-json\/wp\/v2\/pages"}],"about":[{"href":"https:\/\/profil-group.rs\/de\/wp-json\/wp\/v2\/types\/page"}],"author":[{"embeddable":true,"href":"https:\/\/profil-group.rs\/de\/wp-json\/wp\/v2\/users\/1"}],"replies":[{"embeddable":true,"href":"https:\/\/profil-group.rs\/de\/wp-json\/wp\/v2\/comments?post=26065"}],"version-history":[{"count":10,"href":"https:\/\/profil-group.rs\/de\/wp-json\/wp\/v2\/pages\/26065\/revisions"}],"predecessor-version":[{"id":26970,"href":"https:\/\/profil-group.rs\/de\/wp-json\/wp\/v2\/pages\/26065\/revisions\/26970"}],"wp:attachment":[{"href":"https:\/\/profil-group.rs\/de\/wp-json\/wp\/v2\/media?parent=26065"}],"curies":[{"name":"wp","href":"https:\/\/api.w.org\/{rel}","templated":true}]}}